{"id":469,"date":"2024-07-10T17:42:41","date_gmt":"2024-07-10T20:42:41","guid":{"rendered":"https:\/\/somnisounds.com\/?page_id=469"},"modified":"2024-10-22T17:12:19","modified_gmt":"2024-10-22T20:12:19","slug":"delivery-policy","status":"publish","type":"page","link":"https:\/\/somnisounds.com\/pt\/delivery-policy\/","title":{"rendered":"Pol\u00edtica de Entrega"},"content":{"rendered":"<p>Na Somni, nos dedicamos totalmente para assegurar que seus instrumentos sejam entregues de forma segura e pontual.<\/p>\n\n\n\n<p>A seguir, apresentamos nossa pol\u00edtica de entrega, que inclui estimativas para os prazos de entrega dos produtos que voc\u00ea adquirir conosco:<\/p>\n\n\n\n<h2 class=\"wp-block-heading\">Prazo de Processamento de Pedido<\/h2>\n\n\n\n<p>Ap\u00f3s a confirma\u00e7\u00e3o do pagamento, seu pedido ser\u00e1 processado em um prazo de 1 a 2 dias \u00fateis.<\/p>\n\n\n\n<h2 class=\"wp-block-heading\">Estoque e Envios<\/h2>\n\n\n\n<p>Se tratando de instrumentos artesanais, estamos garantindo qualidade e nosso olhar cuidadoso sobre cada pe\u00e7a que parte de nossas instala\u00e7\u00f5es.<\/p>\n\n\n\n<p>Esse cuidado com nossa produ\u00e7\u00e3o faz com que nem sempre tenhamos todos os instrumentos e suas varia\u00e7\u00f5es oferecidas em estoque.<\/p>\n\n\n\n<ul class=\"wp-block-list\">\n<li><strong>Instrumentos em estoque:<\/strong> processamento e envio em at\u00e9 5 dias \u00fateis.<\/li>\n\n\n\n<li><strong>Instrumentos na fila de produ\u00e7\u00e3o:<\/strong> entraremos em contato informando a expectativa de despacho, que pode variar de 15-30 dias dependendo do produto. Pode ficar tranquilo que estaremos trabalhando duro para entregar sempre o nosso melhor!<\/li>\n<\/ul>\n\n\n\n<h2 class=\"wp-block-heading\">Prazo de Entrega Estimado<\/h2>\n\n\n\n<ul class=\"wp-block-list\">\n<li><strong>Envio Padr\u00e3o:<\/strong> Estimativa de entrega em 5-10 dias corridos, a depender da localidade.<\/li>\n<\/ul>\n\n\n\n<h2 class=\"wp-block-heading\">Rastreamento de Pedido<\/h2>\n\n\n\n<p>Voc\u00ea receber\u00e1 um n\u00famero de rastreamento para que possa monitorar o status da entrega do seu pedido.<\/p>\n\n\n\n<h2 class=\"wp-block-heading\">Entrega Internacional<\/h2>\n\n\n\n<p>Para pedidos internacionais, os prazos de entrega podem variar dependendo dos tr\u00e2mites de exporta\u00e7\u00e3o e importa\u00e7\u00e3o.<\/p>\n\n\n\n<p><mark style=\"background-color:#fec97c\" class=\"has-inline-color\">Pedidos internacionais podem estar sujeitos a taxa\u00e7\u00e3o de importa\u00e7\u00e3o quando chegam em seu pa\u00eds de destino. A Somni Sounds recolhe todos os impostos nacionais e n\u00e3o se responsabiliza por poss\u00edveis taxa\u00e7\u00f5es quando o pedido chega no pa\u00eds de destino. Esteja sempre atento \u00e0s pol\u00edticas de taxas sobre importa\u00e7\u00e3o para seu pa\u00eds.<\/mark><\/p>\n\n\n\n<h2 class=\"wp-block-heading\">Atrasos na Entrega<\/h2>\n\n\n\n<p>Em caso de atrasos inesperados na entrega, entre em contato conosco para que possamos oferecer suporte e mediar a comunica\u00e7\u00e3o com a transportadora. Todos os nossos envios s\u00e3o assegurados, protegendo todas as partes envolvidas.<\/p>\n\n\n\n<p>\u00c9 importante observar que os prazos de entrega s\u00e3o estimativas e podem variar conforme a localiza\u00e7\u00e3o e circunst\u00e2ncias externas. Estamos comprometidos em garantir que seu pedido chegue o mais rapidamente poss\u00edvel.<\/p>","protected":false},"excerpt":{"rendered":"<p>At Somni, we work tirelessly to ensure that you receive your instruments safely and on time. Below, we detail our delivery policy, including estimated delivery dates for the products you purchase: Order Processing Time After payment confirmation, your order will be processed within 1 to 2 business days. Stock and Shipping When it comes to [&hellip;]<\/p>\n","protected":false},"author":1,"featured_media":0,"parent":0,"menu_order":0,"comment_status":"closed","ping_status":"closed","template":"","meta":{"inline_featured_image":false,"footnotes":""},"class_list":["post-469","page","type-page","status-publish","hentry"],"yoast_head":"<!-- This site is optimized with the Yoast SEO plugin v27.4 - https:\/\/yoast.com\/product\/yoast-seo-wordpress\/ -->\n<title>Delivery Policy - Somni Sounds<\/title>\n<meta name=\"robots\" content=\"index, follow, max-snippet:-1, max-image-preview:large, max-video-preview:-1\" \/>\n<link rel=\"canonical\" href=\"https:\/\/somnisounds.com\/pt\/delivery-policy\/\" \/>\n<meta property=\"og:locale\" content=\"pt_BR\" \/>\n<meta property=\"og:type\" content=\"article\" \/>\n<meta property=\"og:title\" content=\"Delivery Policy - Somni Sounds\" \/>\n<meta property=\"og:description\" content=\"At Somni, we work tirelessly to ensure that you receive your instruments safely and on time. Below, we detail our delivery policy, including estimated delivery dates for the products you purchase: Order Processing Time After payment confirmation, your order will be processed within 1 to 2 business days. Stock and Shipping When it comes to [&hellip;]\" \/>\n<meta property=\"og:url\" content=\"https:\/\/somnisounds.com\/pt\/delivery-policy\/\" \/>\n<meta property=\"og:site_name\" content=\"Somni Sounds\" \/>\n<meta property=\"article:modified_time\" content=\"2024-10-22T20:12:19+00:00\" \/>\n<meta name=\"twitter:card\" content=\"summary_large_image\" \/>\n<meta name=\"twitter:label1\" content=\"Est. tempo de leitura\" \/>\n\t<meta name=\"twitter:data1\" content=\"2 minutos\" \/>\n<script type=\"application\/ld+json\" class=\"yoast-schema-graph\">{\"@context\":\"https:\\\/\\\/schema.org\",\"@graph\":[{\"@type\":\"WebPage\",\"@id\":\"https:\\\/\\\/somnisounds.com\\\/delivery-policy\\\/\",\"url\":\"https:\\\/\\\/somnisounds.com\\\/delivery-policy\\\/\",\"name\":\"Delivery Policy - Somni Sounds\",\"isPartOf\":{\"@id\":\"https:\\\/\\\/somnisounds.com\\\/#website\"},\"datePublished\":\"2024-07-10T20:42:41+00:00\",\"dateModified\":\"2024-10-22T20:12:19+00:00\",\"breadcrumb\":{\"@id\":\"https:\\\/\\\/somnisounds.com\\\/delivery-policy\\\/#breadcrumb\"},\"inLanguage\":\"pt-BR\",\"potentialAction\":[{\"@type\":\"ReadAction\",\"target\":[\"https:\\\/\\\/somnisounds.com\\\/delivery-policy\\\/\"]}]},{\"@type\":\"BreadcrumbList\",\"@id\":\"https:\\\/\\\/somnisounds.com\\\/delivery-policy\\\/#breadcrumb\",\"itemListElement\":[{\"@type\":\"ListItem\",\"position\":1,\"name\":\"Home\",\"item\":\"https:\\\/\\\/somnisounds.com\\\/\"},{\"@type\":\"ListItem\",\"position\":2,\"name\":\"Delivery Policy\"}]},{\"@type\":\"WebSite\",\"@id\":\"https:\\\/\\\/somnisounds.com\\\/#website\",\"url\":\"https:\\\/\\\/somnisounds.com\\\/\",\"name\":\"Somni Sounds\",\"description\":\"\",\"publisher\":{\"@id\":\"https:\\\/\\\/somnisounds.com\\\/#organization\"},\"potentialAction\":[{\"@type\":\"SearchAction\",\"target\":{\"@type\":\"EntryPoint\",\"urlTemplate\":\"https:\\\/\\\/somnisounds.com\\\/?s={search_term_string}\"},\"query-input\":{\"@type\":\"PropertyValueSpecification\",\"valueRequired\":true,\"valueName\":\"search_term_string\"}}],\"inLanguage\":\"pt-BR\"},{\"@type\":\"Organization\",\"@id\":\"https:\\\/\\\/somnisounds.com\\\/#organization\",\"name\":\"Somni Sounds\",\"url\":\"https:\\\/\\\/somnisounds.com\\\/\",\"logo\":{\"@type\":\"ImageObject\",\"inLanguage\":\"pt-BR\",\"@id\":\"https:\\\/\\\/somnisounds.com\\\/#\\\/schema\\\/logo\\\/image\\\/\",\"url\":\"https:\\\/\\\/somnisounds.com\\\/wp-content\\\/uploads\\\/2024\\\/05\\\/SOMNI-logo-horizontal-colorido-min.png\",\"contentUrl\":\"https:\\\/\\\/somnisounds.com\\\/wp-content\\\/uploads\\\/2024\\\/05\\\/SOMNI-logo-horizontal-colorido-min.png\",\"width\":1000,\"height\":210,\"caption\":\"Somni Sounds\"},\"image\":{\"@id\":\"https:\\\/\\\/somnisounds.com\\\/#\\\/schema\\\/logo\\\/image\\\/\"}}]}<\/script>\n<!-- \/ Yoast SEO plugin. -->","yoast_head_json":{"title":"Delivery Policy - Somni Sounds","robots":{"index":"index","follow":"follow","max-snippet":"max-snippet:-1","max-image-preview":"max-image-preview:large","max-video-preview":"max-video-preview:-1"},"canonical":"https:\/\/somnisounds.com\/pt\/delivery-policy\/","og_locale":"pt_BR","og_type":"article","og_title":"Delivery Policy - Somni Sounds","og_description":"At Somni, we work tirelessly to ensure that you receive your instruments safely and on time. Below, we detail our delivery policy, including estimated delivery dates for the products you purchase: Order Processing Time After payment confirmation, your order will be processed within 1 to 2 business days. Stock and Shipping When it comes to [&hellip;]","og_url":"https:\/\/somnisounds.com\/pt\/delivery-policy\/","og_site_name":"Somni Sounds","article_modified_time":"2024-10-22T20:12:19+00:00","twitter_card":"summary_large_image","twitter_misc":{"Est. tempo de leitura":"2 minutos"},"schema":{"@context":"https:\/\/schema.org","@graph":[{"@type":"WebPage","@id":"https:\/\/somnisounds.com\/delivery-policy\/","url":"https:\/\/somnisounds.com\/delivery-policy\/","name":"Delivery Policy - Somni Sounds","isPartOf":{"@id":"https:\/\/somnisounds.com\/#website"},"datePublished":"2024-07-10T20:42:41+00:00","dateModified":"2024-10-22T20:12:19+00:00","breadcrumb":{"@id":"https:\/\/somnisounds.com\/delivery-policy\/#breadcrumb"},"inLanguage":"pt-BR","potentialAction":[{"@type":"ReadAction","target":["https:\/\/somnisounds.com\/delivery-policy\/"]}]},{"@type":"BreadcrumbList","@id":"https:\/\/somnisounds.com\/delivery-policy\/#breadcrumb","itemListElement":[{"@type":"ListItem","position":1,"name":"Home","item":"https:\/\/somnisounds.com\/"},{"@type":"ListItem","position":2,"name":"Delivery Policy"}]},{"@type":"WebSite","@id":"https:\/\/somnisounds.com\/#website","url":"https:\/\/somnisounds.com\/","name":"Somni Sounds","description":"","publisher":{"@id":"https:\/\/somnisounds.com\/#organization"},"potentialAction":[{"@type":"SearchAction","target":{"@type":"EntryPoint","urlTemplate":"https:\/\/somnisounds.com\/?s={search_term_string}"},"query-input":{"@type":"PropertyValueSpecification","valueRequired":true,"valueName":"search_term_string"}}],"inLanguage":"pt-BR"},{"@type":"Organization","@id":"https:\/\/somnisounds.com\/#organization","name":"Somni Sounds","url":"https:\/\/somnisounds.com\/","logo":{"@type":"ImageObject","inLanguage":"pt-BR","@id":"https:\/\/somnisounds.com\/#\/schema\/logo\/image\/","url":"https:\/\/somnisounds.com\/wp-content\/uploads\/2024\/05\/SOMNI-logo-horizontal-colorido-min.png","contentUrl":"https:\/\/somnisounds.com\/wp-content\/uploads\/2024\/05\/SOMNI-logo-horizontal-colorido-min.png","width":1000,"height":210,"caption":"Somni Sounds"},"image":{"@id":"https:\/\/somnisounds.com\/#\/schema\/logo\/image\/"}}]}},"_links":{"self":[{"href":"https:\/\/somnisounds.com\/pt\/wp-json\/wp\/v2\/pages\/469","targetHints":{"allow":["GET"]}}],"collection":[{"href":"https:\/\/somnisounds.com\/pt\/wp-json\/wp\/v2\/pages"}],"about":[{"href":"https:\/\/somnisounds.com\/pt\/wp-json\/wp\/v2\/types\/page"}],"author":[{"embeddable":true,"href":"https:\/\/somnisounds.com\/pt\/wp-json\/wp\/v2\/users\/1"}],"replies":[{"embeddable":true,"href":"https:\/\/somnisounds.com\/pt\/wp-json\/wp\/v2\/comments?post=469"}],"version-history":[{"count":4,"href":"https:\/\/somnisounds.com\/pt\/wp-json\/wp\/v2\/pages\/469\/revisions"}],"predecessor-version":[{"id":4439,"href":"https:\/\/somnisounds.com\/pt\/wp-json\/wp\/v2\/pages\/469\/revisions\/4439"}],"wp:attachment":[{"href":"https:\/\/somnisounds.com\/pt\/wp-json\/wp\/v2\/media?parent=469"}],"curies":[{"name":"wp","href":"https:\/\/api.w.org\/{rel}","templated":true}]}}