{"id":90,"date":"2024-05-15T15:47:22","date_gmt":"2024-05-15T18:47:22","guid":{"rendered":"https:\/\/somnisounds.com\/?page_id=90"},"modified":"2024-10-22T17:12:19","modified_gmt":"2024-10-22T20:12:19","slug":"em-breve","status":"publish","type":"page","link":"https:\/\/somnisounds.com\/pt\/em-breve\/","title":{"rendered":"Em Breve"},"content":{"rendered":"\t\t<div data-elementor-type=\"wp-page\" data-elementor-id=\"90\" class=\"elementor elementor-90\" data-elementor-post-type=\"page\">\n\t\t\t\t<div class=\"elementor-element elementor-element-2c6bb33 e-flex e-con-boxed e-con e-parent\" data-id=\"2c6bb33\" data-element_type=\"container\" data-e-type=\"container\">\n\t\t\t\t\t<div class=\"e-con-inner\">\n\t\t\t\t<div class=\"elementor-element elementor-element-ea19060 elementor-widget elementor-widget-image\" data-id=\"ea19060\" data-element_type=\"widget\" data-e-type=\"widget\" data-widget_type=\"image.default\">\n\t\t\t\t<div class=\"elementor-widget-container\">\n\t\t\t\t\t\t\t\t\t\t\t\t\t\t\t<img fetchpriority=\"high\" decoding=\"async\" width=\"800\" height=\"800\" src=\"https:\/\/somnisounds.com\/wp-content\/uploads\/2024\/05\/somni-logo-vertical.svg\" class=\"attachment-large size-large wp-image-116\" alt=\"\" \/>\t\t\t\t\t\t\t\t\t\t\t\t\t\t\t<\/div>\n\t\t\t\t<\/div>\n\t\t\t\t<div class=\"elementor-element elementor-element-6b283bc elementor-widget__width-initial elementor-widget elementor-widget-text-editor\" data-id=\"6b283bc\" data-element_type=\"widget\" data-e-type=\"widget\" data-widget_type=\"text-editor.default\">\n\t\t\t\t<div class=\"elementor-widget-container\">\n\t\t\t\t\t\t\t\t\tNossa p\u00e1gina est\u00e1 em constru\u00e7\u00e3o.\t\t\t\t\t\t\t\t<\/div>\n\t\t\t\t<\/div>\n\t\t\t\t<div class=\"elementor-element elementor-element-1eb72c3 elementor-widget__width-initial elementor-widget elementor-widget-text-editor\" data-id=\"1eb72c3\" data-element_type=\"widget\" data-e-type=\"widget\" data-widget_type=\"text-editor.default\">\n\t\t\t\t<div class=\"elementor-widget-container\">\n\t\t\t\t\t\t\t\t\t<p>Enquanto isso, voc\u00ea pode nos acompanhar no <a href=\"https:\/\/www.instagram.com\/somni_sounds\/\" target=\"_blank\" rel=\"noopener\">instagram<\/a> ou nos mandar um email diretamente para <a href=\"mailto:info@somnisounds.com\">info@somnisounds.com<\/a><\/p>\t\t\t\t\t\t\t\t<\/div>\n\t\t\t\t<\/div>\n\t\t<div class=\"elementor-element elementor-element-04e743f e-con-full e-flex e-con e-child\" data-id=\"04e743f\" data-element_type=\"container\" data-e-type=\"container\" data-settings=\"{&quot;background_background&quot;:&quot;classic&quot;}\">\n\t\t\t\t<div class=\"elementor-element elementor-element-873b170 elementor-widget elementor-widget-shortcode\" data-id=\"873b170\" data-element_type=\"widget\" data-e-type=\"widget\" data-widget_type=\"shortcode.default\">\n\t\t\t\t<div class=\"elementor-widget-container\">\n\t\t\t\t\t\t\t<div class=\"elementor-shortcode\">[instagram-feed feed=1]<\/div>\n\t\t\t\t\t\t<\/div>\n\t\t\t\t<\/div>\n\t\t\t\t<\/div>\n\t\t\t\t\t<\/div>\n\t\t\t\t<\/div>\n\t\t\t\t<\/div>\n\t\t","protected":false},"excerpt":{"rendered":"<p>Nossa p\u00e1gina est\u00e1 em constru\u00e7\u00e3o. Enquanto isso, voc\u00ea pode nos acompanhar no instagram ou nos mandar um email diretamente para info@somnisounds.com [instagram-feed feed=1]<\/p>\n","protected":false},"author":1,"featured_media":0,"parent":0,"menu_order":0,"comment_status":"closed","ping_status":"closed","template":"elementor_canvas","meta":{"inline_featured_image":false,"footnotes":""},"class_list":["post-90","page","type-page","status-publish","hentry"],"yoast_head":"<!-- This site is optimized with the Yoast SEO plugin v27.4 - https:\/\/yoast.com\/product\/yoast-seo-wordpress\/ -->\n<title>Em Breve - Somni Sounds<\/title>\n<meta name=\"robots\" content=\"index, follow, max-snippet:-1, max-image-preview:large, max-video-preview:-1\" \/>\n<link rel=\"canonical\" href=\"https:\/\/somnisounds.com\/pt\/em-breve\/\" \/>\n<meta property=\"og:locale\" content=\"pt_BR\" \/>\n<meta property=\"og:type\" content=\"article\" \/>\n<meta property=\"og:title\" content=\"Em Breve - Somni Sounds\" \/>\n<meta property=\"og:description\" content=\"Nossa p\u00e1gina est\u00e1 em constru\u00e7\u00e3o. Enquanto isso, voc\u00ea pode nos acompanhar no instagram ou nos mandar um email diretamente para info@somnisounds.com [instagram-feed feed=1]\" \/>\n<meta property=\"og:url\" content=\"https:\/\/somnisounds.com\/pt\/em-breve\/\" \/>\n<meta property=\"og:site_name\" content=\"Somni Sounds\" \/>\n<meta property=\"article:modified_time\" content=\"2024-10-22T20:12:19+00:00\" \/>\n<meta property=\"og:image\" content=\"https:\/\/somnisounds.com\/wp-content\/uploads\/2024\/05\/somni-logo-vertical.svg\" \/>\n<meta name=\"twitter:card\" content=\"summary_large_image\" \/>\n<script type=\"application\/ld+json\" class=\"yoast-schema-graph\">{\"@context\":\"https:\\\/\\\/schema.org\",\"@graph\":[{\"@type\":\"WebPage\",\"@id\":\"https:\\\/\\\/somnisounds.com\\\/em-breve\\\/\",\"url\":\"https:\\\/\\\/somnisounds.com\\\/em-breve\\\/\",\"name\":\"Em Breve - Somni Sounds\",\"isPartOf\":{\"@id\":\"https:\\\/\\\/somnisounds.com\\\/#website\"},\"primaryImageOfPage\":{\"@id\":\"https:\\\/\\\/somnisounds.com\\\/em-breve\\\/#primaryimage\"},\"image\":{\"@id\":\"https:\\\/\\\/somnisounds.com\\\/em-breve\\\/#primaryimage\"},\"thumbnailUrl\":\"https:\\\/\\\/somnisounds.com\\\/wp-content\\\/uploads\\\/2024\\\/05\\\/somni-logo-vertical.svg\",\"datePublished\":\"2024-05-15T18:47:22+00:00\",\"dateModified\":\"2024-10-22T20:12:19+00:00\",\"breadcrumb\":{\"@id\":\"https:\\\/\\\/somnisounds.com\\\/em-breve\\\/#breadcrumb\"},\"inLanguage\":\"pt-BR\",\"potentialAction\":[{\"@type\":\"ReadAction\",\"target\":[\"https:\\\/\\\/somnisounds.com\\\/em-breve\\\/\"]}]},{\"@type\":\"ImageObject\",\"inLanguage\":\"pt-BR\",\"@id\":\"https:\\\/\\\/somnisounds.com\\\/em-breve\\\/#primaryimage\",\"url\":\"https:\\\/\\\/somnisounds.com\\\/wp-content\\\/uploads\\\/2024\\\/05\\\/somni-logo-vertical.svg\",\"contentUrl\":\"https:\\\/\\\/somnisounds.com\\\/wp-content\\\/uploads\\\/2024\\\/05\\\/somni-logo-vertical.svg\"},{\"@type\":\"BreadcrumbList\",\"@id\":\"https:\\\/\\\/somnisounds.com\\\/em-breve\\\/#breadcrumb\",\"itemListElement\":[{\"@type\":\"ListItem\",\"position\":1,\"name\":\"Home\",\"item\":\"https:\\\/\\\/somnisounds.com\\\/\"},{\"@type\":\"ListItem\",\"position\":2,\"name\":\"Em Breve\"}]},{\"@type\":\"WebSite\",\"@id\":\"https:\\\/\\\/somnisounds.com\\\/#website\",\"url\":\"https:\\\/\\\/somnisounds.com\\\/\",\"name\":\"Somni Sounds\",\"description\":\"\",\"publisher\":{\"@id\":\"https:\\\/\\\/somnisounds.com\\\/#organization\"},\"potentialAction\":[{\"@type\":\"SearchAction\",\"target\":{\"@type\":\"EntryPoint\",\"urlTemplate\":\"https:\\\/\\\/somnisounds.com\\\/?s={search_term_string}\"},\"query-input\":{\"@type\":\"PropertyValueSpecification\",\"valueRequired\":true,\"valueName\":\"search_term_string\"}}],\"inLanguage\":\"pt-BR\"},{\"@type\":\"Organization\",\"@id\":\"https:\\\/\\\/somnisounds.com\\\/#organization\",\"name\":\"Somni Sounds\",\"url\":\"https:\\\/\\\/somnisounds.com\\\/\",\"logo\":{\"@type\":\"ImageObject\",\"inLanguage\":\"pt-BR\",\"@id\":\"https:\\\/\\\/somnisounds.com\\\/#\\\/schema\\\/logo\\\/image\\\/\",\"url\":\"https:\\\/\\\/somnisounds.com\\\/wp-content\\\/uploads\\\/2024\\\/05\\\/SOMNI-logo-horizontal-colorido-min.png\",\"contentUrl\":\"https:\\\/\\\/somnisounds.com\\\/wp-content\\\/uploads\\\/2024\\\/05\\\/SOMNI-logo-horizontal-colorido-min.png\",\"width\":1000,\"height\":210,\"caption\":\"Somni Sounds\"},\"image\":{\"@id\":\"https:\\\/\\\/somnisounds.com\\\/#\\\/schema\\\/logo\\\/image\\\/\"}}]}<\/script>\n<!-- \/ Yoast SEO plugin. -->","yoast_head_json":{"title":"Em Breve - Somni Sounds","robots":{"index":"index","follow":"follow","max-snippet":"max-snippet:-1","max-image-preview":"max-image-preview:large","max-video-preview":"max-video-preview:-1"},"canonical":"https:\/\/somnisounds.com\/pt\/em-breve\/","og_locale":"pt_BR","og_type":"article","og_title":"Em Breve - Somni Sounds","og_description":"Nossa p\u00e1gina est\u00e1 em constru\u00e7\u00e3o. Enquanto isso, voc\u00ea pode nos acompanhar no instagram ou nos mandar um email diretamente para info@somnisounds.com [instagram-feed feed=1]","og_url":"https:\/\/somnisounds.com\/pt\/em-breve\/","og_site_name":"Somni Sounds","article_modified_time":"2024-10-22T20:12:19+00:00","og_image":[{"url":"https:\/\/somnisounds.com\/wp-content\/uploads\/2024\/05\/somni-logo-vertical.svg","type":"","width":"","height":""}],"twitter_card":"summary_large_image","schema":{"@context":"https:\/\/schema.org","@graph":[{"@type":"WebPage","@id":"https:\/\/somnisounds.com\/em-breve\/","url":"https:\/\/somnisounds.com\/em-breve\/","name":"Em Breve - Somni Sounds","isPartOf":{"@id":"https:\/\/somnisounds.com\/#website"},"primaryImageOfPage":{"@id":"https:\/\/somnisounds.com\/em-breve\/#primaryimage"},"image":{"@id":"https:\/\/somnisounds.com\/em-breve\/#primaryimage"},"thumbnailUrl":"https:\/\/somnisounds.com\/wp-content\/uploads\/2024\/05\/somni-logo-vertical.svg","datePublished":"2024-05-15T18:47:22+00:00","dateModified":"2024-10-22T20:12:19+00:00","breadcrumb":{"@id":"https:\/\/somnisounds.com\/em-breve\/#breadcrumb"},"inLanguage":"pt-BR","potentialAction":[{"@type":"ReadAction","target":["https:\/\/somnisounds.com\/em-breve\/"]}]},{"@type":"ImageObject","inLanguage":"pt-BR","@id":"https:\/\/somnisounds.com\/em-breve\/#primaryimage","url":"https:\/\/somnisounds.com\/wp-content\/uploads\/2024\/05\/somni-logo-vertical.svg","contentUrl":"https:\/\/somnisounds.com\/wp-content\/uploads\/2024\/05\/somni-logo-vertical.svg"},{"@type":"BreadcrumbList","@id":"https:\/\/somnisounds.com\/em-breve\/#breadcrumb","itemListElement":[{"@type":"ListItem","position":1,"name":"Home","item":"https:\/\/somnisounds.com\/"},{"@type":"ListItem","position":2,"name":"Em Breve"}]},{"@type":"WebSite","@id":"https:\/\/somnisounds.com\/#website","url":"https:\/\/somnisounds.com\/","name":"Somni Sounds","description":"","publisher":{"@id":"https:\/\/somnisounds.com\/#organization"},"potentialAction":[{"@type":"SearchAction","target":{"@type":"EntryPoint","urlTemplate":"https:\/\/somnisounds.com\/?s={search_term_string}"},"query-input":{"@type":"PropertyValueSpecification","valueRequired":true,"valueName":"search_term_string"}}],"inLanguage":"pt-BR"},{"@type":"Organization","@id":"https:\/\/somnisounds.com\/#organization","name":"Somni Sounds","url":"https:\/\/somnisounds.com\/","logo":{"@type":"ImageObject","inLanguage":"pt-BR","@id":"https:\/\/somnisounds.com\/#\/schema\/logo\/image\/","url":"https:\/\/somnisounds.com\/wp-content\/uploads\/2024\/05\/SOMNI-logo-horizontal-colorido-min.png","contentUrl":"https:\/\/somnisounds.com\/wp-content\/uploads\/2024\/05\/SOMNI-logo-horizontal-colorido-min.png","width":1000,"height":210,"caption":"Somni Sounds"},"image":{"@id":"https:\/\/somnisounds.com\/#\/schema\/logo\/image\/"}}]}},"_links":{"self":[{"href":"https:\/\/somnisounds.com\/pt\/wp-json\/wp\/v2\/pages\/90","targetHints":{"allow":["GET"]}}],"collection":[{"href":"https:\/\/somnisounds.com\/pt\/wp-json\/wp\/v2\/pages"}],"about":[{"href":"https:\/\/somnisounds.com\/pt\/wp-json\/wp\/v2\/types\/page"}],"author":[{"embeddable":true,"href":"https:\/\/somnisounds.com\/pt\/wp-json\/wp\/v2\/users\/1"}],"replies":[{"embeddable":true,"href":"https:\/\/somnisounds.com\/pt\/wp-json\/wp\/v2\/comments?post=90"}],"version-history":[{"count":49,"href":"https:\/\/somnisounds.com\/pt\/wp-json\/wp\/v2\/pages\/90\/revisions"}],"predecessor-version":[{"id":160,"href":"https:\/\/somnisounds.com\/pt\/wp-json\/wp\/v2\/pages\/90\/revisions\/160"}],"wp:attachment":[{"href":"https:\/\/somnisounds.com\/pt\/wp-json\/wp\/v2\/media?parent=90"}],"curies":[{"name":"wp","href":"https:\/\/api.w.org\/{rel}","templated":true}]}}