{"id":3256,"date":"2024-08-22T12:31:33","date_gmt":"2024-08-22T15:31:33","guid":{"rendered":"https:\/\/somnisounds.com\/?post_type=product&#038;p=3256"},"modified":"2025-09-14T16:36:33","modified_gmt":"2025-09-14T19:36:33","slug":"calix-duo-2","status":"publish","type":"product","link":"https:\/\/somnisounds.com\/pt\/product\/calix-duo-2\/","title":{"rendered":"C\u00e1lix DUO 2"},"content":{"rendered":"<p>Com sua caracter\u00edstica inigual\u00e1vel de modula\u00e7\u00e3o sonora atrav\u00e9s do movimento, o C\u00e1lix redefine a <strong>intera\u00e7\u00e3o entre m\u00fasica, terapia sonora, dan\u00e7a e yoga.<\/strong><\/p>\n<p><em style=\"font-size: 14px;\">Todo C\u00e1lix acompanha:<\/em><\/p>\n<ul style=\"font-size: 14px;\">\n<li><em><strong>Bra\u00e7adeira central:<\/strong> para mais conforto no manuseio, e prolongar a sustenta\u00e7\u00e3o do instrumento<\/em><\/li>\n<li><em><strong>Baqueta dupla:<\/strong> Com lado macio e r\u00edgido, para diferentes timbres\u00a0e\u00a0harm\u00f4nicos<\/em><\/li>\n<\/ul>\n<hr style=\"margin:14px 0;color:#6f7aad;border: .05rem solid;\">\n<p><em style=\"font-size: 14px;\"><strong>Bolsa para Calix<\/strong> (opcional):<br \/>\nA Bolsa para Calix \u00e9 um acess\u00f3rio opcional premium para transportar v\u00e1rios Calix com voc\u00ea. Possui acolchoamento espesso e 5 compartimentos individuais para acomodar cada instrumento, garantindo um transporte confort\u00e1vel e seguro.<\/em><\/p>\n<div class=\"bannerAfinacao\">Para conhecer as diferentes grava\u00e7\u00f5es, navegue pela galeria.<br \/>\nPara conhecer detalhes sobre o C\u00c1LIX e suas escalas de afina\u00e7\u00e3o, clique aqui. <a href=\"#afinacoes\">clique aqui.<\/a><\/div>\n<div class=\"disclaimerIcone\"><\/div>\n<div class=\"disclaimer\">\n<p>Como nossos produtos s\u00e3o totalmente feitos \u00e0 m\u00e3o, nem sempre temos pronta entrega na escala e grava\u00e7\u00e3o que voc\u00ea deseja. Caso n\u00e3o tenhamos a combina\u00e7\u00e3o escolhida, entraremos em contato para saber se voc\u00ea deseja aguardar at\u00e9 4 - 6 semanas para produ\u00e7\u00e3o ou escolher outra grava\u00e7\u00e3o dispon\u00edvel em estoque.<\/p>\n<p>Todos os C\u00e1lix s\u00e3o afinados na refer\u00eancia da afina\u00e7\u00e3o padr\u00e3o de concerto 440hz, para adquirir esses instrumentos em 432hz <a href=\"https:\/\/somnisounds.com\/pt\/contacts\/\" target=\"_blank\" rel=\"noopener\">entre em contato conosco<\/a>, estaremos periodicamente construindo estes instrumentos nesta afina\u00e7\u00e3o.<\/p>\n<\/div>","protected":false},"excerpt":{"rendered":"<p>With its unique feature of sound modulation through movement, C\u00e1lix redefines the interaction between music, sound therapy, dance and yoga. Every C\u00e1lix comes with: Padded handle: for comfortable handling, and extension of resonance Double mallet: With soft and hard side for different tones and harmonics C\u00e1lix Bag (optional): The Calix Bag is a premium optional [&hellip;]<\/p>\n","protected":false},"featured_media":3253,"comment_status":"open","ping_status":"closed","template":"","meta":{"inline_featured_image":false},"product_brand":[],"product_cat":[27],"product_tag":[],"class_list":{"0":"post-3256","1":"product","2":"type-product","3":"status-publish","4":"has-post-thumbnail","6":"product_cat-calix-duo","8":"first","9":"onbackorder","10":"sale","11":"virtual","12":"taxable","13":"purchasable","14":"product-type-bundle"},"bundled_by":[],"bundle_stock_status":"instock","bundle_stock_quantity":"","bundle_virtual":false,"bundle_layout":"default","bundle_add_to_cart_form_location":"default","bundle_editable_in_cart":false,"bundle_sold_individually_context":"product","bundle_item_grouping":"parent","bundle_min_size":"","bundle_max_size":"","bundle_price":{"price":{"min":{"incl_tax":"2147","excl_tax":"2147"},"max":{"incl_tax":"2642","excl_tax":"2642"}},"regular_price":{"min":{"incl_tax":"2260","excl_tax":"2260"},"max":{"incl_tax":"2760","excl_tax":"2760"}}},"bundled_items":[{"bundled_item_id":17,"product_id":499,"menu_order":0,"quantity_min":1,"quantity_max":1,"quantity_default":1,"priced_individually":true,"shipped_individually":false,"override_title":false,"title":"C\u00e1lix","override_description":false,"description":"","optional":false,"hide_thumbnail":true,"discount":"5","override_variations":true,"allowed_variations":[1074,1071],"override_default_variation_attributes":true,"default_variation_attributes":[{"id":0,"name":"AFINA\u00c7\u00c3O","option":"C\/G"}],"single_product_visibility":"visible","cart_visibility":"visible","order_visibility":"visible","single_product_price_visibility":"visible","cart_price_visibility":"visible","order_price_visibility":"visible","stock_status":"on_backorder"},{"bundled_item_id":18,"product_id":499,"menu_order":1,"quantity_min":1,"quantity_max":1,"quantity_default":1,"priced_individually":true,"shipped_individually":false,"override_title":false,"title":"C\u00e1lix","override_description":false,"description":"","optional":false,"hide_thumbnail":true,"discount":"5","override_variations":true,"allowed_variations":[1072,1073],"override_default_variation_attributes":true,"default_variation_attributes":[{"id":0,"name":"AFINA\u00c7\u00c3O","option":"F\/C"}],"single_product_visibility":"visible","cart_visibility":"visible","order_visibility":"visible","single_product_price_visibility":"visible","cart_price_visibility":"visible","order_price_visibility":"visible","stock_status":"on_backorder"},{"bundled_item_id":82,"product_id":5479,"menu_order":2,"quantity_min":1,"quantity_max":1,"quantity_default":1,"priced_individually":true,"shipped_individually":false,"override_title":false,"title":"Bolsa para C\u00e1lix 5 compartimentos","override_description":false,"description":"","optional":false,"hide_thumbnail":true,"discount":"","override_variations":false,"allowed_variations":[],"override_default_variation_attributes":false,"default_variation_attributes":[],"single_product_visibility":"visible","cart_visibility":"visible","order_visibility":"visible","single_product_price_visibility":"visible","cart_price_visibility":"visible","order_price_visibility":"visible","stock_status":"on_backorder"}],"bundle_sell_ids":[],"yoast_head":"<!-- This site is optimized with the Yoast SEO plugin v27.4 - https:\/\/yoast.com\/product\/yoast-seo-wordpress\/ -->\n<title>C\u00e1lix DUO 2 - Somni Sounds<\/title>\n<meta name=\"robots\" content=\"index, follow, max-snippet:-1, max-image-preview:large, max-video-preview:-1\" \/>\n<link rel=\"canonical\" href=\"https:\/\/somnisounds.com\/pt\/produto\/calix-duo-2\/\" \/>\n<meta property=\"og:locale\" content=\"pt_BR\" \/>\n<meta property=\"og:type\" content=\"article\" \/>\n<meta property=\"og:title\" content=\"C\u00e1lix DUO 2 - Somni Sounds\" \/>\n<meta property=\"og:description\" content=\"With its unique feature of sound modulation through movement, C\u00e1lix redefines the interaction between music, sound therapy, dance and yoga. Every C\u00e1lix comes with: Padded handle: for comfortable handling, and extension of resonance Double mallet: With soft and hard side for different tones and harmonics C\u00e1lix Bag (optional): The Calix Bag is a premium optional [&hellip;]\" \/>\n<meta property=\"og:url\" content=\"https:\/\/somnisounds.com\/pt\/produto\/calix-duo-2\/\" \/>\n<meta property=\"og:site_name\" content=\"Somni Sounds\" \/>\n<meta property=\"article:modified_time\" content=\"2025-09-14T19:36:33+00:00\" \/>\n<meta property=\"og:image\" content=\"https:\/\/somnisounds.com\/wp-content\/uploads\/2024\/07\/CALIX-DUO-1-CG-EB-galeria-1-min.jpg\" \/>\n\t<meta property=\"og:image:width\" content=\"1000\" \/>\n\t<meta property=\"og:image:height\" content=\"1000\" \/>\n\t<meta property=\"og:image:type\" content=\"image\/jpeg\" \/>\n<meta name=\"twitter:card\" content=\"summary_large_image\" \/>\n<meta name=\"twitter:label1\" content=\"Est. tempo de leitura\" \/>\n\t<meta name=\"twitter:data1\" content=\"1 minuto\" \/>\n<script type=\"application\/ld+json\" class=\"yoast-schema-graph\">{\"@context\":\"https:\\\/\\\/schema.org\",\"@graph\":[{\"@type\":\"WebPage\",\"@id\":\"https:\\\/\\\/somnisounds.com\\\/product\\\/calix-duo-2\\\/\",\"url\":\"https:\\\/\\\/somnisounds.com\\\/product\\\/calix-duo-2\\\/\",\"name\":\"C\u00e1lix DUO 2 - Somni Sounds\",\"isPartOf\":{\"@id\":\"https:\\\/\\\/somnisounds.com\\\/#website\"},\"primaryImageOfPage\":{\"@id\":\"https:\\\/\\\/somnisounds.com\\\/product\\\/calix-duo-2\\\/#primaryimage\"},\"image\":{\"@id\":\"https:\\\/\\\/somnisounds.com\\\/product\\\/calix-duo-2\\\/#primaryimage\"},\"thumbnailUrl\":\"https:\\\/\\\/somnisounds.com\\\/wp-content\\\/uploads\\\/2024\\\/07\\\/CALIX-DUO-1-CG-EB-galeria-1-min.jpg\",\"datePublished\":\"2024-08-22T15:31:33+00:00\",\"dateModified\":\"2025-09-14T19:36:33+00:00\",\"breadcrumb\":{\"@id\":\"https:\\\/\\\/somnisounds.com\\\/product\\\/calix-duo-2\\\/#breadcrumb\"},\"inLanguage\":\"pt-BR\",\"potentialAction\":[{\"@type\":\"ReadAction\",\"target\":[\"https:\\\/\\\/somnisounds.com\\\/product\\\/calix-duo-2\\\/\"]}]},{\"@type\":\"ImageObject\",\"inLanguage\":\"pt-BR\",\"@id\":\"https:\\\/\\\/somnisounds.com\\\/product\\\/calix-duo-2\\\/#primaryimage\",\"url\":\"https:\\\/\\\/somnisounds.com\\\/wp-content\\\/uploads\\\/2024\\\/07\\\/CALIX-DUO-1-CG-EB-galeria-1-min.jpg\",\"contentUrl\":\"https:\\\/\\\/somnisounds.com\\\/wp-content\\\/uploads\\\/2024\\\/07\\\/CALIX-DUO-1-CG-EB-galeria-1-min.jpg\",\"width\":1000,\"height\":1000},{\"@type\":\"BreadcrumbList\",\"@id\":\"https:\\\/\\\/somnisounds.com\\\/product\\\/calix-duo-2\\\/#breadcrumb\",\"itemListElement\":[{\"@type\":\"ListItem\",\"position\":1,\"name\":\"Home\",\"item\":\"https:\\\/\\\/somnisounds.com\\\/\"},{\"@type\":\"ListItem\",\"position\":2,\"name\":\"Shop\",\"item\":\"https:\\\/\\\/somnisounds.com\\\/shop\\\/\"},{\"@type\":\"ListItem\",\"position\":3,\"name\":\"C\u00e1lix DUO 2\"}]},{\"@type\":\"WebSite\",\"@id\":\"https:\\\/\\\/somnisounds.com\\\/#website\",\"url\":\"https:\\\/\\\/somnisounds.com\\\/\",\"name\":\"Somni Sounds\",\"description\":\"\",\"publisher\":{\"@id\":\"https:\\\/\\\/somnisounds.com\\\/#organization\"},\"potentialAction\":[{\"@type\":\"SearchAction\",\"target\":{\"@type\":\"EntryPoint\",\"urlTemplate\":\"https:\\\/\\\/somnisounds.com\\\/?s={search_term_string}\"},\"query-input\":{\"@type\":\"PropertyValueSpecification\",\"valueRequired\":true,\"valueName\":\"search_term_string\"}}],\"inLanguage\":\"pt-BR\"},{\"@type\":\"Organization\",\"@id\":\"https:\\\/\\\/somnisounds.com\\\/#organization\",\"name\":\"Somni Sounds\",\"url\":\"https:\\\/\\\/somnisounds.com\\\/\",\"logo\":{\"@type\":\"ImageObject\",\"inLanguage\":\"pt-BR\",\"@id\":\"https:\\\/\\\/somnisounds.com\\\/#\\\/schema\\\/logo\\\/image\\\/\",\"url\":\"https:\\\/\\\/somnisounds.com\\\/wp-content\\\/uploads\\\/2024\\\/05\\\/SOMNI-logo-horizontal-colorido-min.png\",\"contentUrl\":\"https:\\\/\\\/somnisounds.com\\\/wp-content\\\/uploads\\\/2024\\\/05\\\/SOMNI-logo-horizontal-colorido-min.png\",\"width\":1000,\"height\":210,\"caption\":\"Somni Sounds\"},\"image\":{\"@id\":\"https:\\\/\\\/somnisounds.com\\\/#\\\/schema\\\/logo\\\/image\\\/\"}}]}<\/script>\n<!-- \/ Yoast SEO plugin. -->","yoast_head_json":{"title":"C\u00e1lix DUO 2 - Somni Sounds","robots":{"index":"index","follow":"follow","max-snippet":"max-snippet:-1","max-image-preview":"max-image-preview:large","max-video-preview":"max-video-preview:-1"},"canonical":"https:\/\/somnisounds.com\/pt\/produto\/calix-duo-2\/","og_locale":"pt_BR","og_type":"article","og_title":"C\u00e1lix DUO 2 - Somni Sounds","og_description":"With its unique feature of sound modulation through movement, C\u00e1lix redefines the interaction between music, sound therapy, dance and yoga. Every C\u00e1lix comes with: Padded handle: for comfortable handling, and extension of resonance Double mallet: With soft and hard side for different tones and harmonics C\u00e1lix Bag (optional): The Calix Bag is a premium optional [&hellip;]","og_url":"https:\/\/somnisounds.com\/pt\/produto\/calix-duo-2\/","og_site_name":"Somni Sounds","article_modified_time":"2025-09-14T19:36:33+00:00","og_image":[{"width":1000,"height":1000,"url":"https:\/\/somnisounds.com\/wp-content\/uploads\/2024\/07\/CALIX-DUO-1-CG-EB-galeria-1-min.jpg","type":"image\/jpeg"}],"twitter_card":"summary_large_image","twitter_misc":{"Est. tempo de leitura":"1 minuto"},"schema":{"@context":"https:\/\/schema.org","@graph":[{"@type":"WebPage","@id":"https:\/\/somnisounds.com\/product\/calix-duo-2\/","url":"https:\/\/somnisounds.com\/product\/calix-duo-2\/","name":"C\u00e1lix DUO 2 - Somni Sounds","isPartOf":{"@id":"https:\/\/somnisounds.com\/#website"},"primaryImageOfPage":{"@id":"https:\/\/somnisounds.com\/product\/calix-duo-2\/#primaryimage"},"image":{"@id":"https:\/\/somnisounds.com\/product\/calix-duo-2\/#primaryimage"},"thumbnailUrl":"https:\/\/somnisounds.com\/wp-content\/uploads\/2024\/07\/CALIX-DUO-1-CG-EB-galeria-1-min.jpg","datePublished":"2024-08-22T15:31:33+00:00","dateModified":"2025-09-14T19:36:33+00:00","breadcrumb":{"@id":"https:\/\/somnisounds.com\/product\/calix-duo-2\/#breadcrumb"},"inLanguage":"pt-BR","potentialAction":[{"@type":"ReadAction","target":["https:\/\/somnisounds.com\/product\/calix-duo-2\/"]}]},{"@type":"ImageObject","inLanguage":"pt-BR","@id":"https:\/\/somnisounds.com\/product\/calix-duo-2\/#primaryimage","url":"https:\/\/somnisounds.com\/wp-content\/uploads\/2024\/07\/CALIX-DUO-1-CG-EB-galeria-1-min.jpg","contentUrl":"https:\/\/somnisounds.com\/wp-content\/uploads\/2024\/07\/CALIX-DUO-1-CG-EB-galeria-1-min.jpg","width":1000,"height":1000},{"@type":"BreadcrumbList","@id":"https:\/\/somnisounds.com\/product\/calix-duo-2\/#breadcrumb","itemListElement":[{"@type":"ListItem","position":1,"name":"Home","item":"https:\/\/somnisounds.com\/"},{"@type":"ListItem","position":2,"name":"Shop","item":"https:\/\/somnisounds.com\/shop\/"},{"@type":"ListItem","position":3,"name":"C\u00e1lix DUO 2"}]},{"@type":"WebSite","@id":"https:\/\/somnisounds.com\/#website","url":"https:\/\/somnisounds.com\/","name":"Somni Sounds","description":"","publisher":{"@id":"https:\/\/somnisounds.com\/#organization"},"potentialAction":[{"@type":"SearchAction","target":{"@type":"EntryPoint","urlTemplate":"https:\/\/somnisounds.com\/?s={search_term_string}"},"query-input":{"@type":"PropertyValueSpecification","valueRequired":true,"valueName":"search_term_string"}}],"inLanguage":"pt-BR"},{"@type":"Organization","@id":"https:\/\/somnisounds.com\/#organization","name":"Somni Sounds","url":"https:\/\/somnisounds.com\/","logo":{"@type":"ImageObject","inLanguage":"pt-BR","@id":"https:\/\/somnisounds.com\/#\/schema\/logo\/image\/","url":"https:\/\/somnisounds.com\/wp-content\/uploads\/2024\/05\/SOMNI-logo-horizontal-colorido-min.png","contentUrl":"https:\/\/somnisounds.com\/wp-content\/uploads\/2024\/05\/SOMNI-logo-horizontal-colorido-min.png","width":1000,"height":210,"caption":"Somni Sounds"},"image":{"@id":"https:\/\/somnisounds.com\/#\/schema\/logo\/image\/"}}]}},"_links":{"self":[{"href":"https:\/\/somnisounds.com\/pt\/wp-json\/wp\/v2\/product\/3256","targetHints":{"allow":["GET"]}}],"collection":[{"href":"https:\/\/somnisounds.com\/pt\/wp-json\/wp\/v2\/product"}],"about":[{"href":"https:\/\/somnisounds.com\/pt\/wp-json\/wp\/v2\/types\/product"}],"replies":[{"embeddable":true,"href":"https:\/\/somnisounds.com\/pt\/wp-json\/wp\/v2\/comments?post=3256"}],"wp:featuredmedia":[{"embeddable":true,"href":"https:\/\/somnisounds.com\/pt\/wp-json\/wp\/v2\/media\/3253"}],"wp:attachment":[{"href":"https:\/\/somnisounds.com\/pt\/wp-json\/wp\/v2\/media?parent=3256"}],"wp:term":[{"taxonomy":"product_brand","embeddable":true,"href":"https:\/\/somnisounds.com\/pt\/wp-json\/wp\/v2\/product_brand?post=3256"},{"taxonomy":"product_cat","embeddable":true,"href":"https:\/\/somnisounds.com\/pt\/wp-json\/wp\/v2\/product_cat?post=3256"},{"taxonomy":"product_tag","embeddable":true,"href":"https:\/\/somnisounds.com\/pt\/wp-json\/wp\/v2\/product_tag?post=3256"}],"curies":[{"name":"wp","href":"https:\/\/api.w.org\/{rel}","templated":true}]}}