{"id":3423,"date":"2024-08-28T12:02:06","date_gmt":"2024-08-28T15:02:06","guid":{"rendered":"https:\/\/somnisounds.com\/?post_type=product&#038;p=3423"},"modified":"2026-02-25T15:13:00","modified_gmt":"2026-02-25T18:13:00","slug":"somni-bells","status":"publish","type":"product","link":"https:\/\/somnisounds.com\/pt\/product\/somni-bells\/","title":{"rendered":"Somni Bells"},"content":{"rendered":"<p>Seja adornando seu espa\u00e7o como uma <strong>impressionante escultura sonora<\/strong> ou servindo como um <strong>instrumento terap\u00eautico<\/strong>, os SOMNI Bells prometem envolver e cativar cada alma que tocarem.<\/p>\n<p><em style=\"font-size: 14px; border-top: 1px solid #ccc; display: block; padding-top: 10px;\">O que vem incluso na sua compra:<\/em><\/p>\n<ul style=\"font-size: 14px;\">\n<li><em><strong>Um bast\u00e3o duplo: <\/strong>com lado macio e r\u00edgido para diferentes timbres e volumes.<\/em><\/li>\n<li><em><strong>Capa para transporte: <\/strong>cuidadosamente pensada para um transporte seguro e pr\u00e1tico<\/em><\/li>\n<\/ul>\n<p style=\"font-size: 14px;\">\u2013 Cada unidade individual, par ou trio de Bells vem com um bast\u00e3o.<br \/>\n\u2013 Cada unidade avulsa, par ou trio de Bell acompanha uma capa.<\/p>\n<div class=\"bannerAfinacao\">Para conhecer as diferentes grava\u00e7\u00f5es, navegue pela galeria.<br \/>\nPara conhecer detalhes sobre o BELL e suas escalas de afina\u00e7\u00e3o, <a href=\"#afinacoes\">clique aqui.<\/a><\/div>\n<div class=\"disclaimerIcone\"><\/div>\n<div class=\"disclaimer\">\n<p>Como nossos produtos s\u00e3o totalmente feitos \u00e0 m\u00e3o, nem sempre temos pronta entrega na escala e grava\u00e7\u00e3o que voc\u00ea deseja. Caso n\u00e3o tenhamos a combina\u00e7\u00e3o escolhida, entraremos em contato para saber se voc\u00ea deseja aguardar at\u00e9 4 - 6 semanas para produ\u00e7\u00e3o ou escolher outra grava\u00e7\u00e3o dispon\u00edvel em estoque.<\/p>\n<p>Todos os Somni Bells s\u00e3o afinados na refer\u00eancia da afina\u00e7\u00e3o padr\u00e3o de concerto 440hz, para adquirir esses instrumentos em 432hz <a href=\"https:\/\/somnisounds.com\/pt\/contacts\/\" target=\"_blank\" rel=\"noopener\">entre em contato conosco<\/a>, estaremos periodicamente construindo estes instrumentos nesta afina\u00e7\u00e3o.<\/p>\n<\/div>","protected":false},"excerpt":{"rendered":"<p>Whether Adorning Your Space as a Stunning Sound Sculpture or Serving as a Therapeutic Instrument, the SOMNI Bells Promise to Engage and Captivate Every Soul They Touch. What&#8217;s included in your purchase: A double mallet: with a soft and hard side for different timbres and volumes. Transport case: carefully designed for safe and practical transportation [&hellip;]<\/p>\n","protected":false},"featured_media":3644,"comment_status":"open","ping_status":"closed","template":"","meta":{"inline_featured_image":false},"product_brand":[],"product_cat":[36],"product_tag":[],"class_list":{"0":"post-3423","1":"product","2":"type-product","3":"status-publish","4":"has-post-thumbnail","6":"product_cat-bell","8":"first","9":"onbackorder","10":"taxable","11":"shipping-taxable","12":"purchasable","13":"product-type-variable"},"bundled_by":["3817","3817","3817","3912","3912","3912","3913","3913","3913","3913","3913","3912","3915","3915","3915","3915","3915","3915","3915","3915","3922","3922","3923","3923","3923","3924","3924","3924","3924","3925","3925","3925","3925","3925","3926","3926","3926","3926","3926","3926","3927","3927","3927","3927","3927","3927","3927","3928","3928","3928","3928","3928","3928","3928","3928","3915"],"bundle_stock_status":"onbackorder","bundle_stock_quantity":-22,"bundle_virtual":false,"bundle_layout":"","bundle_add_to_cart_form_location":"","bundle_editable_in_cart":false,"bundle_sold_individually_context":"","bundle_item_grouping":"","bundle_min_size":"","bundle_max_size":"","bundle_price":[],"bundled_items":[],"bundle_sell_ids":[],"yoast_head":"<!-- This site is optimized with the Yoast SEO plugin v27.2 - https:\/\/yoast.com\/product\/yoast-seo-wordpress\/ -->\n<title>Somni Bells - Somni Sounds<\/title>\n<meta name=\"robots\" content=\"index, follow, max-snippet:-1, max-image-preview:large, max-video-preview:-1\" \/>\n<link rel=\"canonical\" href=\"https:\/\/somnisounds.com\/pt\/produto\/somni-bells\/\" \/>\n<meta property=\"og:locale\" content=\"pt_BR\" \/>\n<meta property=\"og:type\" content=\"article\" \/>\n<meta property=\"og:title\" content=\"Somni Bells - Somni Sounds\" \/>\n<meta property=\"og:description\" content=\"Whether Adorning Your Space as a Stunning Sound Sculpture or Serving as a Therapeutic Instrument, the SOMNI Bells Promise to Engage and Captivate Every Soul They Touch. What&#8217;s included in your purchase: A double mallet: with a soft and hard side for different timbres and volumes. Transport case: carefully designed for safe and practical transportation [&hellip;]\" \/>\n<meta property=\"og:url\" content=\"https:\/\/somnisounds.com\/pt\/produto\/somni-bells\/\" \/>\n<meta property=\"og:site_name\" content=\"Somni Sounds\" \/>\n<meta property=\"article:modified_time\" content=\"2026-02-25T18:13:00+00:00\" \/>\n<meta property=\"og:image\" content=\"https:\/\/somnisounds.com\/wp-content\/uploads\/2024\/08\/BELL-vitrine-1-min.jpg\" \/>\n\t<meta property=\"og:image:width\" content=\"1000\" \/>\n\t<meta property=\"og:image:height\" content=\"1000\" \/>\n\t<meta property=\"og:image:type\" content=\"image\/jpeg\" \/>\n<meta name=\"twitter:card\" content=\"summary_large_image\" \/>\n<meta name=\"twitter:label1\" content=\"Est. tempo de leitura\" \/>\n\t<meta name=\"twitter:data1\" content=\"1 minuto\" \/>\n<script type=\"application\/ld+json\" class=\"yoast-schema-graph\">{\"@context\":\"https:\/\/schema.org\",\"@graph\":[{\"@type\":\"WebPage\",\"@id\":\"https:\/\/somnisounds.com\/product\/somni-bells\/\",\"url\":\"https:\/\/somnisounds.com\/product\/somni-bells\/\",\"name\":\"Somni Bells - Somni Sounds\",\"isPartOf\":{\"@id\":\"https:\/\/somnisounds.com\/#website\"},\"primaryImageOfPage\":{\"@id\":\"https:\/\/somnisounds.com\/product\/somni-bells\/#primaryimage\"},\"image\":{\"@id\":\"https:\/\/somnisounds.com\/product\/somni-bells\/#primaryimage\"},\"thumbnailUrl\":\"https:\/\/somnisounds.com\/wp-content\/uploads\/2024\/08\/BELL-vitrine-1-min.jpg\",\"datePublished\":\"2024-08-28T15:02:06+00:00\",\"dateModified\":\"2026-02-25T18:13:00+00:00\",\"breadcrumb\":{\"@id\":\"https:\/\/somnisounds.com\/product\/somni-bells\/#breadcrumb\"},\"inLanguage\":\"pt-BR\",\"potentialAction\":[{\"@type\":\"ReadAction\",\"target\":[\"https:\/\/somnisounds.com\/product\/somni-bells\/\"]}]},{\"@type\":\"ImageObject\",\"inLanguage\":\"pt-BR\",\"@id\":\"https:\/\/somnisounds.com\/product\/somni-bells\/#primaryimage\",\"url\":\"https:\/\/somnisounds.com\/wp-content\/uploads\/2024\/08\/BELL-vitrine-1-min.jpg\",\"contentUrl\":\"https:\/\/somnisounds.com\/wp-content\/uploads\/2024\/08\/BELL-vitrine-1-min.jpg\",\"width\":1000,\"height\":1000},{\"@type\":\"BreadcrumbList\",\"@id\":\"https:\/\/somnisounds.com\/product\/somni-bells\/#breadcrumb\",\"itemListElement\":[{\"@type\":\"ListItem\",\"position\":1,\"name\":\"Home\",\"item\":\"https:\/\/somnisounds.com\/\"},{\"@type\":\"ListItem\",\"position\":2,\"name\":\"Shop\",\"item\":\"https:\/\/somnisounds.com\/shop\/\"},{\"@type\":\"ListItem\",\"position\":3,\"name\":\"Somni Bells\"}]},{\"@type\":\"WebSite\",\"@id\":\"https:\/\/somnisounds.com\/#website\",\"url\":\"https:\/\/somnisounds.com\/\",\"name\":\"Somni Sounds\",\"description\":\"\",\"publisher\":{\"@id\":\"https:\/\/somnisounds.com\/#organization\"},\"potentialAction\":[{\"@type\":\"SearchAction\",\"target\":{\"@type\":\"EntryPoint\",\"urlTemplate\":\"https:\/\/somnisounds.com\/?s={search_term_string}\"},\"query-input\":{\"@type\":\"PropertyValueSpecification\",\"valueRequired\":true,\"valueName\":\"search_term_string\"}}],\"inLanguage\":\"pt-BR\"},{\"@type\":\"Organization\",\"@id\":\"https:\/\/somnisounds.com\/#organization\",\"name\":\"Somni Sounds\",\"url\":\"https:\/\/somnisounds.com\/\",\"logo\":{\"@type\":\"ImageObject\",\"inLanguage\":\"pt-BR\",\"@id\":\"https:\/\/somnisounds.com\/#\/schema\/logo\/image\/\",\"url\":\"https:\/\/somnisounds.com\/wp-content\/uploads\/2024\/05\/SOMNI-logo-horizontal-colorido-min.png\",\"contentUrl\":\"https:\/\/somnisounds.com\/wp-content\/uploads\/2024\/05\/SOMNI-logo-horizontal-colorido-min.png\",\"width\":1000,\"height\":210,\"caption\":\"Somni Sounds\"},\"image\":{\"@id\":\"https:\/\/somnisounds.com\/#\/schema\/logo\/image\/\"}}]}<\/script>\n<!-- \/ Yoast SEO plugin. -->","yoast_head_json":{"title":"Somni Bells - Somni Sounds","robots":{"index":"index","follow":"follow","max-snippet":"max-snippet:-1","max-image-preview":"max-image-preview:large","max-video-preview":"max-video-preview:-1"},"canonical":"https:\/\/somnisounds.com\/pt\/produto\/somni-bells\/","og_locale":"pt_BR","og_type":"article","og_title":"Somni Bells - Somni Sounds","og_description":"Whether Adorning Your Space as a Stunning Sound Sculpture or Serving as a Therapeutic Instrument, the SOMNI Bells Promise to Engage and Captivate Every Soul They Touch. What&#8217;s included in your purchase: A double mallet: with a soft and hard side for different timbres and volumes. Transport case: carefully designed for safe and practical transportation [&hellip;]","og_url":"https:\/\/somnisounds.com\/pt\/produto\/somni-bells\/","og_site_name":"Somni Sounds","article_modified_time":"2026-02-25T18:13:00+00:00","og_image":[{"width":1000,"height":1000,"url":"https:\/\/somnisounds.com\/wp-content\/uploads\/2024\/08\/BELL-vitrine-1-min.jpg","type":"image\/jpeg"}],"twitter_card":"summary_large_image","twitter_misc":{"Est. tempo de leitura":"1 minuto"},"schema":{"@context":"https:\/\/schema.org","@graph":[{"@type":"WebPage","@id":"https:\/\/somnisounds.com\/product\/somni-bells\/","url":"https:\/\/somnisounds.com\/product\/somni-bells\/","name":"Somni Bells - Somni Sounds","isPartOf":{"@id":"https:\/\/somnisounds.com\/#website"},"primaryImageOfPage":{"@id":"https:\/\/somnisounds.com\/product\/somni-bells\/#primaryimage"},"image":{"@id":"https:\/\/somnisounds.com\/product\/somni-bells\/#primaryimage"},"thumbnailUrl":"https:\/\/somnisounds.com\/wp-content\/uploads\/2024\/08\/BELL-vitrine-1-min.jpg","datePublished":"2024-08-28T15:02:06+00:00","dateModified":"2026-02-25T18:13:00+00:00","breadcrumb":{"@id":"https:\/\/somnisounds.com\/product\/somni-bells\/#breadcrumb"},"inLanguage":"pt-BR","potentialAction":[{"@type":"ReadAction","target":["https:\/\/somnisounds.com\/product\/somni-bells\/"]}]},{"@type":"ImageObject","inLanguage":"pt-BR","@id":"https:\/\/somnisounds.com\/product\/somni-bells\/#primaryimage","url":"https:\/\/somnisounds.com\/wp-content\/uploads\/2024\/08\/BELL-vitrine-1-min.jpg","contentUrl":"https:\/\/somnisounds.com\/wp-content\/uploads\/2024\/08\/BELL-vitrine-1-min.jpg","width":1000,"height":1000},{"@type":"BreadcrumbList","@id":"https:\/\/somnisounds.com\/product\/somni-bells\/#breadcrumb","itemListElement":[{"@type":"ListItem","position":1,"name":"Home","item":"https:\/\/somnisounds.com\/"},{"@type":"ListItem","position":2,"name":"Shop","item":"https:\/\/somnisounds.com\/shop\/"},{"@type":"ListItem","position":3,"name":"Somni Bells"}]},{"@type":"WebSite","@id":"https:\/\/somnisounds.com\/#website","url":"https:\/\/somnisounds.com\/","name":"Somni Sounds","description":"","publisher":{"@id":"https:\/\/somnisounds.com\/#organization"},"potentialAction":[{"@type":"SearchAction","target":{"@type":"EntryPoint","urlTemplate":"https:\/\/somnisounds.com\/?s={search_term_string}"},"query-input":{"@type":"PropertyValueSpecification","valueRequired":true,"valueName":"search_term_string"}}],"inLanguage":"pt-BR"},{"@type":"Organization","@id":"https:\/\/somnisounds.com\/#organization","name":"Somni Sounds","url":"https:\/\/somnisounds.com\/","logo":{"@type":"ImageObject","inLanguage":"pt-BR","@id":"https:\/\/somnisounds.com\/#\/schema\/logo\/image\/","url":"https:\/\/somnisounds.com\/wp-content\/uploads\/2024\/05\/SOMNI-logo-horizontal-colorido-min.png","contentUrl":"https:\/\/somnisounds.com\/wp-content\/uploads\/2024\/05\/SOMNI-logo-horizontal-colorido-min.png","width":1000,"height":210,"caption":"Somni Sounds"},"image":{"@id":"https:\/\/somnisounds.com\/#\/schema\/logo\/image\/"}}]}},"_links":{"self":[{"href":"https:\/\/somnisounds.com\/pt\/wp-json\/wp\/v2\/product\/3423","targetHints":{"allow":["GET"]}}],"collection":[{"href":"https:\/\/somnisounds.com\/pt\/wp-json\/wp\/v2\/product"}],"about":[{"href":"https:\/\/somnisounds.com\/pt\/wp-json\/wp\/v2\/types\/product"}],"replies":[{"embeddable":true,"href":"https:\/\/somnisounds.com\/pt\/wp-json\/wp\/v2\/comments?post=3423"}],"wp:featuredmedia":[{"embeddable":true,"href":"https:\/\/somnisounds.com\/pt\/wp-json\/wp\/v2\/media\/3644"}],"wp:attachment":[{"href":"https:\/\/somnisounds.com\/pt\/wp-json\/wp\/v2\/media?parent=3423"}],"wp:term":[{"taxonomy":"product_brand","embeddable":true,"href":"https:\/\/somnisounds.com\/pt\/wp-json\/wp\/v2\/product_brand?post=3423"},{"taxonomy":"product_cat","embeddable":true,"href":"https:\/\/somnisounds.com\/pt\/wp-json\/wp\/v2\/product_cat?post=3423"},{"taxonomy":"product_tag","embeddable":true,"href":"https:\/\/somnisounds.com\/pt\/wp-json\/wp\/v2\/product_tag?post=3423"}],"curies":[{"name":"wp","href":"https:\/\/api.w.org\/{rel}","templated":true}]}}