{"id":3924,"date":"2024-09-24T11:13:09","date_gmt":"2024-09-24T14:13:09","guid":{"rendered":"https:\/\/somnisounds.com\/?post_type=product&#038;p=3924"},"modified":"2025-08-28T17:31:17","modified_gmt":"2025-08-28T20:31:17","slug":"somni-bells-set-4","status":"publish","type":"product","link":"https:\/\/somnisounds.com\/pt\/product\/somni-bells-set-4\/","title":{"rendered":"Somni Bells Set 4"},"content":{"rendered":"<p>Seja adornando seu espa\u00e7o como uma <strong>impressionante escultura sonora<\/strong> ou servindo como um <strong>instrumento terap\u00eautico<\/strong>, os SOMNI Bells prometem envolver e cativar cada alma que tocarem.<\/p>\n<p><em style=\"font-size: 14px; border-top: 1px solid #ccc; display: block; padding-top: 10px;\">O que vem incluso na sua compra:<\/em><\/p>\n<ul style=\"font-size: 14px;\">\n<li><em><strong>Uma baqueta dupla<!-- notionvc: 1c98ba0e-0439-4aea-ac85-0c50a96ff884 -->: <\/strong>com lado macio e r\u00edgido para diferentes timbres e volumes.<\/em><\/li>\n<li><em><strong>Capa para transporte: <\/strong>cuidadosamente pensada para um transporte seguro e pr\u00e1tico<\/em><\/li>\n<\/ul>\n<p style=\"font-size: 14px;\">\u2013 Cada unidade individual, par ou trio de Bells vem com um bast\u00e3o.<br \/>\n\u2013 Cada unidade avulsa, par ou trio de Bell acompanha uma capa.<\/p>\n<div class=\"bannerAfinacao\">Para conhecer as diferentes grava\u00e7\u00f5es, navegue pela galeria.<br \/>\nPara conhecer detalhes sobre o BELL e suas escalas de afina\u00e7\u00e3o, <a href=\"#afinacoes\">clique aqui.<\/a><\/div>\n<div class=\"disclaimerIcone\"><\/div>\n<div class=\"disclaimer\">\n<p>Como nossos produtos s\u00e3o totalmente feitos \u00e0 m\u00e3o, nem sempre temos pronta entrega na escala e grava\u00e7\u00e3o que voc\u00ea deseja. Caso n\u00e3o tenhamos a combina\u00e7\u00e3o escolhida, entraremos em contato para saber se voc\u00ea deseja aguardar at\u00e9 4 - 6 semanas para produ\u00e7\u00e3o ou escolher outra grava\u00e7\u00e3o dispon\u00edvel em estoque.<\/p>\n<p>Todos os Somni Bells s\u00e3o afinados na refer\u00eancia da afina\u00e7\u00e3o padr\u00e3o de concerto 440hz, para adquirir esses instrumentos em 432hz <a href=\"https:\/\/somnisounds.com\/pt\/contacts\/\" target=\"_blank\" rel=\"noopener\">entre em contato conosco<\/a>, estaremos periodicamente construindo estes instrumentos nesta afina\u00e7\u00e3o.<\/p>\n<\/div>","protected":false},"excerpt":{"rendered":"<p>Whether Adorning Your Space as a Stunning Sound Sculpture or Serving as a Therapeutic Instrument, the SOMNI Bells Promise to Engage and Captivate Every Soul They Touch. What&#8217;s included in your purchase: A double mallet: with a soft and hard side for different timbres and volumes. Transport case: carefully designed for safe and practical transportation [&hellip;]<\/p>\n","protected":false},"featured_media":3644,"comment_status":"open","ping_status":"closed","template":"","meta":{"inline_featured_image":false},"product_brand":[],"product_cat":[37],"product_tag":[],"class_list":{"0":"post-3924","1":"product","2":"type-product","3":"status-publish","4":"has-post-thumbnail","6":"product_cat-bells-combo","8":"first","9":"onbackorder","10":"sale","11":"virtual","12":"taxable","13":"purchasable","14":"product-type-bundle"},"bundled_by":[],"bundle_stock_status":"instock","bundle_stock_quantity":"","bundle_virtual":false,"bundle_layout":"default","bundle_add_to_cart_form_location":"default","bundle_editable_in_cart":false,"bundle_sold_individually_context":"product","bundle_item_grouping":"parent","bundle_min_size":"","bundle_max_size":"","bundle_price":{"price":{"min":{"incl_tax":"1910.7","excl_tax":"1910.7"},"max":{"incl_tax":"2779.2","excl_tax":"2779.2"}},"regular_price":{"min":{"incl_tax":"1980","excl_tax":"1980"},"max":{"incl_tax":"2880","excl_tax":"2880"}}},"bundled_items":[{"bundled_item_id":49,"product_id":3423,"menu_order":0,"quantity_min":1,"quantity_max":1,"quantity_default":1,"priced_individually":true,"shipped_individually":false,"override_title":false,"title":"Somni Bells","override_description":false,"description":"","optional":false,"hide_thumbnail":true,"discount":"3","override_variations":false,"allowed_variations":[3526],"override_default_variation_attributes":false,"default_variation_attributes":[{"id":0,"name":"AFINA\u00c7\u00c3O","option":"Low C"}],"single_product_visibility":"visible","cart_visibility":"visible","order_visibility":"visible","single_product_price_visibility":"visible","cart_price_visibility":"visible","order_price_visibility":"visible","stock_status":"on_backorder"},{"bundled_item_id":50,"product_id":3423,"menu_order":1,"quantity_min":1,"quantity_max":1,"quantity_default":1,"priced_individually":true,"shipped_individually":false,"override_title":false,"title":"Somni Bells","override_description":false,"description":"","optional":false,"hide_thumbnail":true,"discount":"3","override_variations":false,"allowed_variations":[3524],"override_default_variation_attributes":false,"default_variation_attributes":[{"id":0,"name":"AFINA\u00c7\u00c3O","option":"E"}],"single_product_visibility":"visible","cart_visibility":"visible","order_visibility":"visible","single_product_price_visibility":"visible","cart_price_visibility":"visible","order_price_visibility":"visible","stock_status":"on_backorder"},{"bundled_item_id":51,"product_id":3423,"menu_order":2,"quantity_min":1,"quantity_max":1,"quantity_default":1,"priced_individually":true,"shipped_individually":false,"override_title":false,"title":"Somni Bells","override_description":false,"description":"","optional":false,"hide_thumbnail":true,"discount":"3","override_variations":false,"allowed_variations":[],"override_default_variation_attributes":false,"default_variation_attributes":[],"single_product_visibility":"visible","cart_visibility":"visible","order_visibility":"visible","single_product_price_visibility":"visible","cart_price_visibility":"visible","order_price_visibility":"visible","stock_status":"on_backorder"},{"bundled_item_id":52,"product_id":3423,"menu_order":3,"quantity_min":1,"quantity_max":1,"quantity_default":1,"priced_individually":true,"shipped_individually":false,"override_title":false,"title":"Somni Bells","override_description":false,"description":"","optional":false,"hide_thumbnail":true,"discount":"5","override_variations":false,"allowed_variations":[],"override_default_variation_attributes":false,"default_variation_attributes":[],"single_product_visibility":"visible","cart_visibility":"visible","order_visibility":"visible","single_product_price_visibility":"visible","cart_price_visibility":"visible","order_price_visibility":"visible","stock_status":"on_backorder"}],"bundle_sell_ids":[],"yoast_head":"<!-- This site is optimized with the Yoast SEO plugin v27.4 - https:\/\/yoast.com\/product\/yoast-seo-wordpress\/ -->\n<title>Somni Bells Set 4 - Somni Sounds<\/title>\n<meta name=\"robots\" content=\"index, follow, max-snippet:-1, max-image-preview:large, max-video-preview:-1\" \/>\n<link rel=\"canonical\" href=\"https:\/\/somnisounds.com\/pt\/produto\/somni-bells-set-4\/\" \/>\n<meta property=\"og:locale\" content=\"pt_BR\" \/>\n<meta property=\"og:type\" content=\"article\" \/>\n<meta property=\"og:title\" content=\"Somni Bells Set 4 - Somni Sounds\" \/>\n<meta property=\"og:description\" content=\"Whether Adorning Your Space as a Stunning Sound Sculpture or Serving as a Therapeutic Instrument, the SOMNI Bells Promise to Engage and Captivate Every Soul They Touch. What&#8217;s included in your purchase: A double mallet: with a soft and hard side for different timbres and volumes. Transport case: carefully designed for safe and practical transportation [&hellip;]\" \/>\n<meta property=\"og:url\" content=\"https:\/\/somnisounds.com\/pt\/produto\/somni-bells-set-4\/\" \/>\n<meta property=\"og:site_name\" content=\"Somni Sounds\" \/>\n<meta property=\"article:modified_time\" content=\"2025-08-28T20:31:17+00:00\" \/>\n<meta property=\"og:image\" content=\"https:\/\/somnisounds.com\/wp-content\/uploads\/2024\/08\/BELL-vitrine-1-min.jpg\" \/>\n\t<meta property=\"og:image:width\" content=\"1000\" \/>\n\t<meta property=\"og:image:height\" content=\"1000\" \/>\n\t<meta property=\"og:image:type\" content=\"image\/jpeg\" \/>\n<meta name=\"twitter:card\" content=\"summary_large_image\" \/>\n<meta name=\"twitter:label1\" content=\"Est. tempo de leitura\" \/>\n\t<meta name=\"twitter:data1\" content=\"1 minuto\" \/>\n<script type=\"application\/ld+json\" class=\"yoast-schema-graph\">{\"@context\":\"https:\\\/\\\/schema.org\",\"@graph\":[{\"@type\":\"WebPage\",\"@id\":\"https:\\\/\\\/somnisounds.com\\\/product\\\/somni-bells-set-4\\\/\",\"url\":\"https:\\\/\\\/somnisounds.com\\\/product\\\/somni-bells-set-4\\\/\",\"name\":\"Somni Bells Set 4 - Somni Sounds\",\"isPartOf\":{\"@id\":\"https:\\\/\\\/somnisounds.com\\\/#website\"},\"primaryImageOfPage\":{\"@id\":\"https:\\\/\\\/somnisounds.com\\\/product\\\/somni-bells-set-4\\\/#primaryimage\"},\"image\":{\"@id\":\"https:\\\/\\\/somnisounds.com\\\/product\\\/somni-bells-set-4\\\/#primaryimage\"},\"thumbnailUrl\":\"https:\\\/\\\/somnisounds.com\\\/wp-content\\\/uploads\\\/2024\\\/08\\\/BELL-vitrine-1-min.jpg\",\"datePublished\":\"2024-09-24T14:13:09+00:00\",\"dateModified\":\"2025-08-28T20:31:17+00:00\",\"breadcrumb\":{\"@id\":\"https:\\\/\\\/somnisounds.com\\\/product\\\/somni-bells-set-4\\\/#breadcrumb\"},\"inLanguage\":\"pt-BR\",\"potentialAction\":[{\"@type\":\"ReadAction\",\"target\":[\"https:\\\/\\\/somnisounds.com\\\/product\\\/somni-bells-set-4\\\/\"]}]},{\"@type\":\"ImageObject\",\"inLanguage\":\"pt-BR\",\"@id\":\"https:\\\/\\\/somnisounds.com\\\/product\\\/somni-bells-set-4\\\/#primaryimage\",\"url\":\"https:\\\/\\\/somnisounds.com\\\/wp-content\\\/uploads\\\/2024\\\/08\\\/BELL-vitrine-1-min.jpg\",\"contentUrl\":\"https:\\\/\\\/somnisounds.com\\\/wp-content\\\/uploads\\\/2024\\\/08\\\/BELL-vitrine-1-min.jpg\",\"width\":1000,\"height\":1000},{\"@type\":\"BreadcrumbList\",\"@id\":\"https:\\\/\\\/somnisounds.com\\\/product\\\/somni-bells-set-4\\\/#breadcrumb\",\"itemListElement\":[{\"@type\":\"ListItem\",\"position\":1,\"name\":\"Home\",\"item\":\"https:\\\/\\\/somnisounds.com\\\/\"},{\"@type\":\"ListItem\",\"position\":2,\"name\":\"Shop\",\"item\":\"https:\\\/\\\/somnisounds.com\\\/shop\\\/\"},{\"@type\":\"ListItem\",\"position\":3,\"name\":\"Somni Bells Set 4\"}]},{\"@type\":\"WebSite\",\"@id\":\"https:\\\/\\\/somnisounds.com\\\/#website\",\"url\":\"https:\\\/\\\/somnisounds.com\\\/\",\"name\":\"Somni Sounds\",\"description\":\"\",\"publisher\":{\"@id\":\"https:\\\/\\\/somnisounds.com\\\/#organization\"},\"potentialAction\":[{\"@type\":\"SearchAction\",\"target\":{\"@type\":\"EntryPoint\",\"urlTemplate\":\"https:\\\/\\\/somnisounds.com\\\/?s={search_term_string}\"},\"query-input\":{\"@type\":\"PropertyValueSpecification\",\"valueRequired\":true,\"valueName\":\"search_term_string\"}}],\"inLanguage\":\"pt-BR\"},{\"@type\":\"Organization\",\"@id\":\"https:\\\/\\\/somnisounds.com\\\/#organization\",\"name\":\"Somni Sounds\",\"url\":\"https:\\\/\\\/somnisounds.com\\\/\",\"logo\":{\"@type\":\"ImageObject\",\"inLanguage\":\"pt-BR\",\"@id\":\"https:\\\/\\\/somnisounds.com\\\/#\\\/schema\\\/logo\\\/image\\\/\",\"url\":\"https:\\\/\\\/somnisounds.com\\\/wp-content\\\/uploads\\\/2024\\\/05\\\/SOMNI-logo-horizontal-colorido-min.png\",\"contentUrl\":\"https:\\\/\\\/somnisounds.com\\\/wp-content\\\/uploads\\\/2024\\\/05\\\/SOMNI-logo-horizontal-colorido-min.png\",\"width\":1000,\"height\":210,\"caption\":\"Somni Sounds\"},\"image\":{\"@id\":\"https:\\\/\\\/somnisounds.com\\\/#\\\/schema\\\/logo\\\/image\\\/\"}}]}<\/script>\n<!-- \/ Yoast SEO plugin. -->","yoast_head_json":{"title":"Somni Bells Set 4 - Somni Sounds","robots":{"index":"index","follow":"follow","max-snippet":"max-snippet:-1","max-image-preview":"max-image-preview:large","max-video-preview":"max-video-preview:-1"},"canonical":"https:\/\/somnisounds.com\/pt\/produto\/somni-bells-set-4\/","og_locale":"pt_BR","og_type":"article","og_title":"Somni Bells Set 4 - Somni Sounds","og_description":"Whether Adorning Your Space as a Stunning Sound Sculpture or Serving as a Therapeutic Instrument, the SOMNI Bells Promise to Engage and Captivate Every Soul They Touch. What&#8217;s included in your purchase: A double mallet: with a soft and hard side for different timbres and volumes. Transport case: carefully designed for safe and practical transportation [&hellip;]","og_url":"https:\/\/somnisounds.com\/pt\/produto\/somni-bells-set-4\/","og_site_name":"Somni Sounds","article_modified_time":"2025-08-28T20:31:17+00:00","og_image":[{"width":1000,"height":1000,"url":"https:\/\/somnisounds.com\/wp-content\/uploads\/2024\/08\/BELL-vitrine-1-min.jpg","type":"image\/jpeg"}],"twitter_card":"summary_large_image","twitter_misc":{"Est. tempo de leitura":"1 minuto"},"schema":{"@context":"https:\/\/schema.org","@graph":[{"@type":"WebPage","@id":"https:\/\/somnisounds.com\/product\/somni-bells-set-4\/","url":"https:\/\/somnisounds.com\/product\/somni-bells-set-4\/","name":"Somni Bells Set 4 - Somni Sounds","isPartOf":{"@id":"https:\/\/somnisounds.com\/#website"},"primaryImageOfPage":{"@id":"https:\/\/somnisounds.com\/product\/somni-bells-set-4\/#primaryimage"},"image":{"@id":"https:\/\/somnisounds.com\/product\/somni-bells-set-4\/#primaryimage"},"thumbnailUrl":"https:\/\/somnisounds.com\/wp-content\/uploads\/2024\/08\/BELL-vitrine-1-min.jpg","datePublished":"2024-09-24T14:13:09+00:00","dateModified":"2025-08-28T20:31:17+00:00","breadcrumb":{"@id":"https:\/\/somnisounds.com\/product\/somni-bells-set-4\/#breadcrumb"},"inLanguage":"pt-BR","potentialAction":[{"@type":"ReadAction","target":["https:\/\/somnisounds.com\/product\/somni-bells-set-4\/"]}]},{"@type":"ImageObject","inLanguage":"pt-BR","@id":"https:\/\/somnisounds.com\/product\/somni-bells-set-4\/#primaryimage","url":"https:\/\/somnisounds.com\/wp-content\/uploads\/2024\/08\/BELL-vitrine-1-min.jpg","contentUrl":"https:\/\/somnisounds.com\/wp-content\/uploads\/2024\/08\/BELL-vitrine-1-min.jpg","width":1000,"height":1000},{"@type":"BreadcrumbList","@id":"https:\/\/somnisounds.com\/product\/somni-bells-set-4\/#breadcrumb","itemListElement":[{"@type":"ListItem","position":1,"name":"Home","item":"https:\/\/somnisounds.com\/"},{"@type":"ListItem","position":2,"name":"Shop","item":"https:\/\/somnisounds.com\/shop\/"},{"@type":"ListItem","position":3,"name":"Somni Bells Set 4"}]},{"@type":"WebSite","@id":"https:\/\/somnisounds.com\/#website","url":"https:\/\/somnisounds.com\/","name":"Somni Sounds","description":"","publisher":{"@id":"https:\/\/somnisounds.com\/#organization"},"potentialAction":[{"@type":"SearchAction","target":{"@type":"EntryPoint","urlTemplate":"https:\/\/somnisounds.com\/?s={search_term_string}"},"query-input":{"@type":"PropertyValueSpecification","valueRequired":true,"valueName":"search_term_string"}}],"inLanguage":"pt-BR"},{"@type":"Organization","@id":"https:\/\/somnisounds.com\/#organization","name":"Somni Sounds","url":"https:\/\/somnisounds.com\/","logo":{"@type":"ImageObject","inLanguage":"pt-BR","@id":"https:\/\/somnisounds.com\/#\/schema\/logo\/image\/","url":"https:\/\/somnisounds.com\/wp-content\/uploads\/2024\/05\/SOMNI-logo-horizontal-colorido-min.png","contentUrl":"https:\/\/somnisounds.com\/wp-content\/uploads\/2024\/05\/SOMNI-logo-horizontal-colorido-min.png","width":1000,"height":210,"caption":"Somni Sounds"},"image":{"@id":"https:\/\/somnisounds.com\/#\/schema\/logo\/image\/"}}]}},"_links":{"self":[{"href":"https:\/\/somnisounds.com\/pt\/wp-json\/wp\/v2\/product\/3924","targetHints":{"allow":["GET"]}}],"collection":[{"href":"https:\/\/somnisounds.com\/pt\/wp-json\/wp\/v2\/product"}],"about":[{"href":"https:\/\/somnisounds.com\/pt\/wp-json\/wp\/v2\/types\/product"}],"replies":[{"embeddable":true,"href":"https:\/\/somnisounds.com\/pt\/wp-json\/wp\/v2\/comments?post=3924"}],"wp:featuredmedia":[{"embeddable":true,"href":"https:\/\/somnisounds.com\/pt\/wp-json\/wp\/v2\/media\/3644"}],"wp:attachment":[{"href":"https:\/\/somnisounds.com\/pt\/wp-json\/wp\/v2\/media?parent=3924"}],"wp:term":[{"taxonomy":"product_brand","embeddable":true,"href":"https:\/\/somnisounds.com\/pt\/wp-json\/wp\/v2\/product_brand?post=3924"},{"taxonomy":"product_cat","embeddable":true,"href":"https:\/\/somnisounds.com\/pt\/wp-json\/wp\/v2\/product_cat?post=3924"},{"taxonomy":"product_tag","embeddable":true,"href":"https:\/\/somnisounds.com\/pt\/wp-json\/wp\/v2\/product_tag?post=3924"}],"curies":[{"name":"wp","href":"https:\/\/api.w.org\/{rel}","templated":true}]}}