{"id":499,"date":"2024-07-12T12:53:41","date_gmt":"2024-07-12T15:53:41","guid":{"rendered":"https:\/\/somnisounds.com\/?post_type=product&#038;p=499"},"modified":"2026-04-26T12:34:11","modified_gmt":"2026-04-26T15:34:11","slug":"calix-sem-bag","status":"publish","type":"product","link":"https:\/\/somnisounds.com\/pt\/product\/calix-sem-bag\/","title":{"rendered":"C\u00e1lix"},"content":{"rendered":"<p>Com sua caracter\u00edstica inigual\u00e1vel de modula\u00e7\u00e3o sonora atrav\u00e9s do movimento, o C\u00e1lix redefine a <strong>intera\u00e7\u00e3o entre m\u00fasica, terapia sonora, dan\u00e7a e yoga.<\/strong><\/p>\n<p><em style=\"font-size: 14px;\">Todo C\u00e1lix acompanha:<\/em><\/p>\n<ul style=\"font-size: 14px;\">\n<li><em><strong>Bra\u00e7adeira central:<\/strong> para mais conforto no manuseio, e prolongar a sustenta\u00e7\u00e3o do instrumento<\/em><\/li>\n<li><em><strong>Baqueta dupla:<\/strong> Com lado macio e r\u00edgido, para diferentes timbres\u00a0e\u00a0harm\u00f4nicos<\/em><\/li>\n<\/ul>\n<div class=\"bannerAfinacao\">Para conhecer as diferentes grava\u00e7\u00f5es, navegue pela galeria.<br \/>\nPara conhecer detalhes sobre o C\u00c1LIX e suas escalas de afina\u00e7\u00e3o, clique aqui. <a href=\"#afinacoes\">clique aqui.<\/a><\/div>\n<div class=\"disclaimerIcone\"><\/div>\n<div class=\"disclaimer\">\n<p>Como nossos produtos s\u00e3o totalmente feitos \u00e0 m\u00e3o, nem sempre temos pronta entrega na escala e grava\u00e7\u00e3o que voc\u00ea deseja. Caso n\u00e3o tenhamos a combina\u00e7\u00e3o escolhida, entraremos em contato para saber se voc\u00ea deseja aguardar at\u00e9 4 - 6 semanas para produ\u00e7\u00e3o ou escolher outra grava\u00e7\u00e3o dispon\u00edvel em estoque.<\/p>\n<p>Todos os C\u00e1lix s\u00e3o afinados na refer\u00eancia da afina\u00e7\u00e3o padr\u00e3o de concerto 440hz, para adquirir esses instrumentos em 432hz <a href=\"https:\/\/somnisounds.com\/pt\/contacts\/\" target=\"_blank\" rel=\"noopener\">entre em contato conosco<\/a>, estaremos periodicamente construindo estes instrumentos nesta afina\u00e7\u00e3o.<\/p>\n<\/div>","protected":false},"excerpt":{"rendered":"<p>With its unique feature of sound modulation through movement, C\u00e1lix redefines the interaction between music, sound therapy, dance and yoga. Every C\u00e1lix comes with: Padded handle: for comfortable handling, and extension of resonance Double mallet: With soft and hard side for different tones and harmonics To see the different etchings, browse the gallery. To learn [&hellip;]<\/p>\n","protected":false},"featured_media":2263,"comment_status":"open","ping_status":"closed","template":"","meta":{"inline_featured_image":false},"product_brand":[],"product_cat":[22],"product_tag":[],"class_list":{"0":"post-499","1":"product","2":"type-product","3":"status-publish","4":"has-post-thumbnail","6":"product_cat-calix","8":"first","9":"onbackorder","10":"taxable","11":"shipping-taxable","12":"purchasable","13":"product-type-variable","14":"has-default-attributes"},"bundled_by":["968","968","1271","1271","1272","1272","1273","1273","1281","1281","1281","1281","2856","2856","3256","3256","3257","3257","3258","3258"],"bundle_stock_status":"onbackorder","bundle_stock_quantity":-78,"bundle_virtual":false,"bundle_layout":"","bundle_add_to_cart_form_location":"","bundle_editable_in_cart":false,"bundle_sold_individually_context":"","bundle_item_grouping":"","bundle_min_size":"","bundle_max_size":"","bundle_price":[],"bundled_items":[],"bundle_sell_ids":[],"yoast_head":"<!-- This site is optimized with the Yoast SEO plugin v27.4 - https:\/\/yoast.com\/product\/yoast-seo-wordpress\/ -->\n<title>C\u00e1lix - Somni Sounds<\/title>\n<meta name=\"robots\" content=\"index, follow, max-snippet:-1, max-image-preview:large, max-video-preview:-1\" \/>\n<link rel=\"canonical\" href=\"https:\/\/somnisounds.com\/pt\/produto\/calix-sem-bag\/\" \/>\n<meta property=\"og:locale\" content=\"pt_BR\" \/>\n<meta property=\"og:type\" content=\"article\" \/>\n<meta property=\"og:title\" content=\"C\u00e1lix - Somni Sounds\" \/>\n<meta property=\"og:description\" content=\"With its unique feature of sound modulation through movement, C\u00e1lix redefines the interaction between music, sound therapy, dance and yoga. Every C\u00e1lix comes with: Padded handle: for comfortable handling, and extension of resonance Double mallet: With soft and hard side for different tones and harmonics To see the different etchings, browse the gallery. To learn [&hellip;]\" \/>\n<meta property=\"og:url\" content=\"https:\/\/somnisounds.com\/pt\/produto\/calix-sem-bag\/\" \/>\n<meta property=\"og:site_name\" content=\"Somni Sounds\" \/>\n<meta property=\"article:modified_time\" content=\"2026-04-26T15:34:11+00:00\" \/>\n<meta property=\"og:image\" content=\"https:\/\/somnisounds.com\/wp-content\/uploads\/2024\/06\/chamada-home-calix-min.jpg\" \/>\n\t<meta property=\"og:image:width\" content=\"1000\" \/>\n\t<meta property=\"og:image:height\" content=\"1000\" \/>\n\t<meta property=\"og:image:type\" content=\"image\/jpeg\" \/>\n<meta name=\"twitter:card\" content=\"summary_large_image\" \/>\n<meta name=\"twitter:label1\" content=\"Est. tempo de leitura\" \/>\n\t<meta name=\"twitter:data1\" content=\"1 minuto\" \/>\n<script type=\"application\/ld+json\" class=\"yoast-schema-graph\">{\"@context\":\"https:\\\/\\\/schema.org\",\"@graph\":[{\"@type\":\"WebPage\",\"@id\":\"https:\\\/\\\/somnisounds.com\\\/product\\\/calix-sem-bag\\\/\",\"url\":\"https:\\\/\\\/somnisounds.com\\\/product\\\/calix-sem-bag\\\/\",\"name\":\"C\u00e1lix - Somni Sounds\",\"isPartOf\":{\"@id\":\"https:\\\/\\\/somnisounds.com\\\/#website\"},\"primaryImageOfPage\":{\"@id\":\"https:\\\/\\\/somnisounds.com\\\/product\\\/calix-sem-bag\\\/#primaryimage\"},\"image\":{\"@id\":\"https:\\\/\\\/somnisounds.com\\\/product\\\/calix-sem-bag\\\/#primaryimage\"},\"thumbnailUrl\":\"https:\\\/\\\/somnisounds.com\\\/wp-content\\\/uploads\\\/2024\\\/06\\\/chamada-home-calix-min.jpg\",\"datePublished\":\"2024-07-12T15:53:41+00:00\",\"dateModified\":\"2026-04-26T15:34:11+00:00\",\"breadcrumb\":{\"@id\":\"https:\\\/\\\/somnisounds.com\\\/product\\\/calix-sem-bag\\\/#breadcrumb\"},\"inLanguage\":\"pt-BR\",\"potentialAction\":[{\"@type\":\"ReadAction\",\"target\":[\"https:\\\/\\\/somnisounds.com\\\/product\\\/calix-sem-bag\\\/\"]}]},{\"@type\":\"ImageObject\",\"inLanguage\":\"pt-BR\",\"@id\":\"https:\\\/\\\/somnisounds.com\\\/product\\\/calix-sem-bag\\\/#primaryimage\",\"url\":\"https:\\\/\\\/somnisounds.com\\\/wp-content\\\/uploads\\\/2024\\\/06\\\/chamada-home-calix-min.jpg\",\"contentUrl\":\"https:\\\/\\\/somnisounds.com\\\/wp-content\\\/uploads\\\/2024\\\/06\\\/chamada-home-calix-min.jpg\",\"width\":1000,\"height\":1000},{\"@type\":\"BreadcrumbList\",\"@id\":\"https:\\\/\\\/somnisounds.com\\\/product\\\/calix-sem-bag\\\/#breadcrumb\",\"itemListElement\":[{\"@type\":\"ListItem\",\"position\":1,\"name\":\"Home\",\"item\":\"https:\\\/\\\/somnisounds.com\\\/\"},{\"@type\":\"ListItem\",\"position\":2,\"name\":\"Shop\",\"item\":\"https:\\\/\\\/somnisounds.com\\\/shop\\\/\"},{\"@type\":\"ListItem\",\"position\":3,\"name\":\"C\u00e1lix\"}]},{\"@type\":\"WebSite\",\"@id\":\"https:\\\/\\\/somnisounds.com\\\/#website\",\"url\":\"https:\\\/\\\/somnisounds.com\\\/\",\"name\":\"Somni Sounds\",\"description\":\"\",\"publisher\":{\"@id\":\"https:\\\/\\\/somnisounds.com\\\/#organization\"},\"potentialAction\":[{\"@type\":\"SearchAction\",\"target\":{\"@type\":\"EntryPoint\",\"urlTemplate\":\"https:\\\/\\\/somnisounds.com\\\/?s={search_term_string}\"},\"query-input\":{\"@type\":\"PropertyValueSpecification\",\"valueRequired\":true,\"valueName\":\"search_term_string\"}}],\"inLanguage\":\"pt-BR\"},{\"@type\":\"Organization\",\"@id\":\"https:\\\/\\\/somnisounds.com\\\/#organization\",\"name\":\"Somni Sounds\",\"url\":\"https:\\\/\\\/somnisounds.com\\\/\",\"logo\":{\"@type\":\"ImageObject\",\"inLanguage\":\"pt-BR\",\"@id\":\"https:\\\/\\\/somnisounds.com\\\/#\\\/schema\\\/logo\\\/image\\\/\",\"url\":\"https:\\\/\\\/somnisounds.com\\\/wp-content\\\/uploads\\\/2024\\\/05\\\/SOMNI-logo-horizontal-colorido-min.png\",\"contentUrl\":\"https:\\\/\\\/somnisounds.com\\\/wp-content\\\/uploads\\\/2024\\\/05\\\/SOMNI-logo-horizontal-colorido-min.png\",\"width\":1000,\"height\":210,\"caption\":\"Somni Sounds\"},\"image\":{\"@id\":\"https:\\\/\\\/somnisounds.com\\\/#\\\/schema\\\/logo\\\/image\\\/\"}}]}<\/script>\n<!-- \/ Yoast SEO plugin. -->","yoast_head_json":{"title":"C\u00e1lix - Somni Sounds","robots":{"index":"index","follow":"follow","max-snippet":"max-snippet:-1","max-image-preview":"max-image-preview:large","max-video-preview":"max-video-preview:-1"},"canonical":"https:\/\/somnisounds.com\/pt\/produto\/calix-sem-bag\/","og_locale":"pt_BR","og_type":"article","og_title":"C\u00e1lix - Somni Sounds","og_description":"With its unique feature of sound modulation through movement, C\u00e1lix redefines the interaction between music, sound therapy, dance and yoga. Every C\u00e1lix comes with: Padded handle: for comfortable handling, and extension of resonance Double mallet: With soft and hard side for different tones and harmonics To see the different etchings, browse the gallery. To learn [&hellip;]","og_url":"https:\/\/somnisounds.com\/pt\/produto\/calix-sem-bag\/","og_site_name":"Somni Sounds","article_modified_time":"2026-04-26T15:34:11+00:00","og_image":[{"width":1000,"height":1000,"url":"https:\/\/somnisounds.com\/wp-content\/uploads\/2024\/06\/chamada-home-calix-min.jpg","type":"image\/jpeg"}],"twitter_card":"summary_large_image","twitter_misc":{"Est. tempo de leitura":"1 minuto"},"schema":{"@context":"https:\/\/schema.org","@graph":[{"@type":"WebPage","@id":"https:\/\/somnisounds.com\/product\/calix-sem-bag\/","url":"https:\/\/somnisounds.com\/product\/calix-sem-bag\/","name":"C\u00e1lix - Somni Sounds","isPartOf":{"@id":"https:\/\/somnisounds.com\/#website"},"primaryImageOfPage":{"@id":"https:\/\/somnisounds.com\/product\/calix-sem-bag\/#primaryimage"},"image":{"@id":"https:\/\/somnisounds.com\/product\/calix-sem-bag\/#primaryimage"},"thumbnailUrl":"https:\/\/somnisounds.com\/wp-content\/uploads\/2024\/06\/chamada-home-calix-min.jpg","datePublished":"2024-07-12T15:53:41+00:00","dateModified":"2026-04-26T15:34:11+00:00","breadcrumb":{"@id":"https:\/\/somnisounds.com\/product\/calix-sem-bag\/#breadcrumb"},"inLanguage":"pt-BR","potentialAction":[{"@type":"ReadAction","target":["https:\/\/somnisounds.com\/product\/calix-sem-bag\/"]}]},{"@type":"ImageObject","inLanguage":"pt-BR","@id":"https:\/\/somnisounds.com\/product\/calix-sem-bag\/#primaryimage","url":"https:\/\/somnisounds.com\/wp-content\/uploads\/2024\/06\/chamada-home-calix-min.jpg","contentUrl":"https:\/\/somnisounds.com\/wp-content\/uploads\/2024\/06\/chamada-home-calix-min.jpg","width":1000,"height":1000},{"@type":"BreadcrumbList","@id":"https:\/\/somnisounds.com\/product\/calix-sem-bag\/#breadcrumb","itemListElement":[{"@type":"ListItem","position":1,"name":"Home","item":"https:\/\/somnisounds.com\/"},{"@type":"ListItem","position":2,"name":"Shop","item":"https:\/\/somnisounds.com\/shop\/"},{"@type":"ListItem","position":3,"name":"C\u00e1lix"}]},{"@type":"WebSite","@id":"https:\/\/somnisounds.com\/#website","url":"https:\/\/somnisounds.com\/","name":"Somni Sounds","description":"","publisher":{"@id":"https:\/\/somnisounds.com\/#organization"},"potentialAction":[{"@type":"SearchAction","target":{"@type":"EntryPoint","urlTemplate":"https:\/\/somnisounds.com\/?s={search_term_string}"},"query-input":{"@type":"PropertyValueSpecification","valueRequired":true,"valueName":"search_term_string"}}],"inLanguage":"pt-BR"},{"@type":"Organization","@id":"https:\/\/somnisounds.com\/#organization","name":"Somni Sounds","url":"https:\/\/somnisounds.com\/","logo":{"@type":"ImageObject","inLanguage":"pt-BR","@id":"https:\/\/somnisounds.com\/#\/schema\/logo\/image\/","url":"https:\/\/somnisounds.com\/wp-content\/uploads\/2024\/05\/SOMNI-logo-horizontal-colorido-min.png","contentUrl":"https:\/\/somnisounds.com\/wp-content\/uploads\/2024\/05\/SOMNI-logo-horizontal-colorido-min.png","width":1000,"height":210,"caption":"Somni Sounds"},"image":{"@id":"https:\/\/somnisounds.com\/#\/schema\/logo\/image\/"}}]}},"_links":{"self":[{"href":"https:\/\/somnisounds.com\/pt\/wp-json\/wp\/v2\/product\/499","targetHints":{"allow":["GET"]}}],"collection":[{"href":"https:\/\/somnisounds.com\/pt\/wp-json\/wp\/v2\/product"}],"about":[{"href":"https:\/\/somnisounds.com\/pt\/wp-json\/wp\/v2\/types\/product"}],"replies":[{"embeddable":true,"href":"https:\/\/somnisounds.com\/pt\/wp-json\/wp\/v2\/comments?post=499"}],"wp:featuredmedia":[{"embeddable":true,"href":"https:\/\/somnisounds.com\/pt\/wp-json\/wp\/v2\/media\/2263"}],"wp:attachment":[{"href":"https:\/\/somnisounds.com\/pt\/wp-json\/wp\/v2\/media?parent=499"}],"wp:term":[{"taxonomy":"product_brand","embeddable":true,"href":"https:\/\/somnisounds.com\/pt\/wp-json\/wp\/v2\/product_brand?post=499"},{"taxonomy":"product_cat","embeddable":true,"href":"https:\/\/somnisounds.com\/pt\/wp-json\/wp\/v2\/product_cat?post=499"},{"taxonomy":"product_tag","embeddable":true,"href":"https:\/\/somnisounds.com\/pt\/wp-json\/wp\/v2\/product_tag?post=499"}],"curies":[{"name":"wp","href":"https:\/\/api.w.org\/{rel}","templated":true}]}}